{"id":740,"date":"2024-11-06T11:35:40","date_gmt":"2024-11-06T11:35:40","guid":{"rendered":"https:\/\/irpolsoft.es\/?page_id=740"},"modified":"2024-11-12T10:54:58","modified_gmt":"2024-11-12T10:54:58","slug":"denuncias","status":"publish","type":"page","link":"https:\/\/irpolsoft.es\/?page_id=740","title":{"rendered":"DENUNCIAS"},"content":{"rendered":"<div data-colibri-id=\"740-c1\" class=\"style-578 style-local-740-c1 position-relative\">\n  <!---->\n  <div data-colibri-component=\"section\" data-colibri-id=\"740-c2\" id=\"features\" class=\"h-section h-section-global-spacing d-flex align-items-lg-center align-items-md-center align-items-center style-579 style-local-740-c2 position-relative\">\n    <!---->\n    <!---->\n    <div class=\"h-section-grid-container h-section-boxed-container\">\n      <div data-colibri-id=\"740-c25\" class=\"h-row-container gutters-row-lg-2 gutters-row-md-2 gutters-row-0 gutters-row-v-lg-2 gutters-row-v-md-2 gutters-row-v-2 style-588 style-local-740-c25 position-relative\">\n        <!---->\n        <div class=\"h-row justify-content-lg-center justify-content-md-center justify-content-center align-items-lg-stretch align-items-md-stretch align-items-stretch gutters-col-lg-2 gutters-col-md-2 gutters-col-0 gutters-col-v-lg-2 gutters-col-v-md-2 gutters-col-v-2\">\n          <!---->\n          <div class=\"h-column h-column-container d-flex h-col-lg-auto h-col-md-auto h-col-auto style-589-outer style-local-740-c26-outer\">\n            <div data-colibri-id=\"740-c26\" class=\"d-flex h-flex-basis h-column__inner h-px-lg-2 h-px-md-2 h-px-2 v-inner-lg-2 v-inner-md-2 v-inner-2 style-589 style-local-740-c26 position-relative\">\n              <!---->\n              <!---->\n              <div class=\"w-100 h-y-container h-column__content h-column__v-align flex-basis-100 align-self-lg-start align-self-md-start align-self-start\">\n                <!---->\n                <div data-colibri-id=\"740-c27\" class=\"h-global-transition-all h-heading style-590 style-local-740-c27 position-relative h-element\">\n                  <!---->\n                  <div class=\"h-heading__outer style-590 style-local-740-c27\">\n                    <!---->\n                    <!---->\n                    <h2 class=\"\">Tramitaci\u00f3n de todo tipo de denuncias<\/h2>\n                  <\/div>\n                <\/div>\n                <div data-colibri-id=\"740-c28\" class=\"h-lead h-text h-text-component style-591 style-local-740-c28 position-relative h-element\">\n                  <!---->\n                  <!---->\n                  <div class=\"\">\n                    <p>El agente puede tramitar a pie de calle tanto denuncias de ordenanzas o seguridad ciudadana, como denuncias de tr\u00e1fico, destacando en este tipo de denuncias que se realizar\u00e1 la tramitaci\u00f3n directa de las mismas ante la DGT, suprimiendo\n                      los boletines en papel\n                      <br>\n                    <\/p>\n                  <\/div>\n                <\/div>\n              <\/div>\n            <\/div>\n          <\/div>\n        <\/div>\n      <\/div>\n      <div data-colibri-id=\"740-c3\" class=\"h-row-container gutters-row-lg-2 gutters-row-md-2 gutters-row-2 gutters-row-v-lg-2 gutters-row-v-md-2 gutters-row-v-2 style-580 style-local-740-c3 position-relative\">\n        <!---->\n        <div class=\"h-row justify-content-lg-center justify-content-md-center justify-content-center align-items-lg-stretch align-items-md-stretch align-items-stretch gutters-col-lg-2 gutters-col-md-2 gutters-col-2 gutters-col-v-lg-2 gutters-col-v-md-2 gutters-col-v-2\">\n          <!---->\n          <div class=\"h-column h-column-container d-flex h-col-lg-4 h-col-md-6 h-col-12 style-581-outer style-local-740-c4-outer\">\n            <div data-colibri-id=\"740-c4\" class=\"d-flex h-flex-basis h-column__inner h-px-lg-0 h-px-md-0 h-px-0 v-inner-lg-0 v-inner-md-0 v-inner-0 style-581 style-local-740-c4 position-relative\">\n              <!---->\n              <!---->\n              <div class=\"w-100 h-y-container h-column__content h-column__v-align flex-basis-100 align-self-lg-start align-self-md-start align-self-start\">\n                <!---->\n                <div data-colibri-id=\"740-c5\" class=\"h-row-container gutters-row-lg-0 gutters-row-md-0 gutters-row-0 gutters-row-v-lg-0 gutters-row-v-md-0 gutters-row-v-0 style-582 style-local-740-c5 position-relative\">\n                  <!---->\n                  <div class=\"h-row justify-content-lg-center justify-content-md-center justify-content-center align-items-lg-stretch align-items-md-stretch align-items-stretch gutters-col-lg-0 gutters-col-md-0 gutters-col-0 gutters-col-v-lg-0 gutters-col-v-md-0 gutters-col-v-0\">\n                    <!---->\n                    <div class=\"h-column h-column-container d-flex h-col-lg-12 h-col-md-12 h-col-12 style-583-outer style-local-740-c6-outer\">\n                      <div data-colibri-id=\"740-c6\" class=\"d-flex h-flex-basis h-column__inner h-px-lg-3 h-px-md-3 h-px-3 v-inner-lg-0 v-inner-md-0 v-inner-0 style-583 style-local-740-c6 position-relative\">\n                        <!---->\n                        <!---->\n                        <div class=\"w-100 h-y-container h-column__content h-column__v-align flex-basis-100 align-self-lg-start align-self-md-start align-self-start\">\n                          <!---->\n                          <div data-colibri-id=\"740-c7\" class=\"d-block style-584 style-local-740-c7 position-relative h-element\">\n                            <!---->\n                            <div class=\"h-image__frame-container-outer\">\n                              <div class=\"h-image__frame-container\">\n                                <!---->\n                                <!---->\n                                <img loading=\"lazy\" width=\"580\" height=\"846\" src=\"https:\/\/irpolsoft.es\/wp-content\/uploads\/2024\/11\/cropped-SELECC-EXPDTE.png\" class=\"wp-image-786 style-584-image style-local-740-c7-image\" srcset=\"https:\/\/irpolsoft.es\/wp-content\/uploads\/2024\/11\/cropped-SELECC-EXPDTE.png 580w, https:\/\/irpolsoft.es\/wp-content\/uploads\/2024\/11\/cropped-SELECC-EXPDTE-206x300.png 206w\" sizes=\"(max-width: 580px) 100vw, 580px\" alt=\"\" \/>\n                                <div class=\"h-image__frame h-hide-lg h-hide-md h-hide-sm style-584-frameImage style-local-740-c7-frameImage\"><\/div>\n                              <\/div>\n                            <\/div>\n                          <\/div>\n                        <\/div>\n                      <\/div>\n                    <\/div>\n                    <div class=\"h-column h-column-container d-flex h-col-lg-12 h-col-md-12 h-col-12 style-585-outer style-local-740-c8-outer\">\n                      <div data-colibri-id=\"740-c8\" class=\"d-flex h-flex-basis h-column__inner h-px-lg-3 h-px-md-3 h-px-3 v-inner-lg-3 v-inner-md-3 v-inner-3 style-585 style-local-740-c8 position-relative\">\n                        <!---->\n                        <!---->\n                        <div class=\"w-100 h-y-container h-column__content h-column__v-align flex-basis-100 align-self-lg-start align-self-md-start align-self-start\">\n                          <!---->\n                          <div data-colibri-id=\"740-c9\" class=\"h-global-transition-all h-heading style-586 style-local-740-c9 position-relative h-element\">\n                            <!---->\n                            <div class=\"h-heading__outer style-586 style-local-740-c9\">\n                              <!---->\n                              <!---->\n                              <h5 class=\"\">DENUNCIAS DGT (EXPEDIENTE)<\/h5>\n                            <\/div>\n                          <\/div>\n                          <div data-colibri-id=\"740-c10\" class=\"h-text h-text-component style-587 style-local-740-c10 position-relative h-element\">\n                            <!---->\n                            <!---->\n                            <div class=\"\">\n                              <p>El agente solicita a trav\u00e9s del dispositivo el n\u00famero de expediente a asociar a la denuncia, facilitado por la DGT\n                                <br>\n                              <\/p>\n                            <\/div>\n                          <\/div>\n                        <\/div>\n                      <\/div>\n                    <\/div>\n                  <\/div>\n                <\/div>\n              <\/div>\n            <\/div>\n          <\/div>\n          <div class=\"h-column h-column-container d-flex h-col-lg-4 h-col-md-6 h-col-12 style-581-outer style-local-740-c11-outer\">\n            <div data-colibri-id=\"740-c11\" class=\"d-flex h-flex-basis h-column__inner h-px-lg-0 h-px-md-0 h-px-0 v-inner-lg-0 v-inner-md-0 v-inner-0 style-581 style-local-740-c11 position-relative\">\n              <!---->\n              <!---->\n              <div class=\"w-100 h-y-container h-column__content h-column__v-align flex-basis-100 align-self-lg-start align-self-md-start align-self-start\">\n                <!---->\n                <div data-colibri-id=\"740-c12\" class=\"h-row-container gutters-row-lg-0 gutters-row-md-0 gutters-row-0 gutters-row-v-lg-0 gutters-row-v-md-0 gutters-row-v-0 style-582 style-local-740-c12 position-relative\">\n                  <!---->\n                  <div class=\"h-row justify-content-lg-center justify-content-md-center justify-content-center align-items-lg-stretch align-items-md-stretch align-items-stretch gutters-col-lg-0 gutters-col-md-0 gutters-col-0 gutters-col-v-lg-0 gutters-col-v-md-0 gutters-col-v-0\">\n                    <!---->\n                    <div class=\"h-column h-column-container d-flex h-col-lg-12 h-col-md-12 h-col-12 style-583-outer style-local-740-c13-outer\">\n                      <div data-colibri-id=\"740-c13\" class=\"d-flex h-flex-basis h-column__inner h-px-lg-3 h-px-md-3 h-px-3 v-inner-lg-0 v-inner-md-0 v-inner-0 style-583 style-local-740-c13 position-relative\">\n                        <!---->\n                        <!---->\n                        <div class=\"w-100 h-y-container h-column__content h-column__v-align flex-basis-100 align-self-lg-start align-self-md-start align-self-start\">\n                          <!---->\n                          <div data-colibri-id=\"740-c14\" class=\"d-block style-584 style-local-740-c14 position-relative h-element\">\n                            <!---->\n                            <div class=\"h-image__frame-container-outer\">\n                              <div class=\"h-image__frame-container\">\n                                <!---->\n                                <!---->\n                                <img loading=\"lazy\" width=\"588\" height=\"844\" src=\"https:\/\/irpolsoft.es\/wp-content\/uploads\/2024\/11\/cropped-datos-denuncia-2.png\" class=\"wp-image-790 style-584-image style-local-740-c14-image\" srcset=\"https:\/\/irpolsoft.es\/wp-content\/uploads\/2024\/11\/cropped-datos-denuncia-2.png 588w, https:\/\/irpolsoft.es\/wp-content\/uploads\/2024\/11\/cropped-datos-denuncia-2-209x300.png 209w\" sizes=\"(max-width: 588px) 100vw, 588px\" alt=\"\" \/>\n                                <div class=\"h-image__frame h-hide-lg h-hide-md h-hide-sm style-584-frameImage style-local-740-c14-frameImage\"><\/div>\n                              <\/div>\n                            <\/div>\n                          <\/div>\n                        <\/div>\n                      <\/div>\n                    <\/div>\n                    <div class=\"h-column h-column-container d-flex h-col-lg-12 h-col-md-12 h-col-12 style-585-outer style-local-740-c15-outer\">\n                      <div data-colibri-id=\"740-c15\" class=\"d-flex h-flex-basis h-column__inner h-px-lg-3 h-px-md-3 h-px-3 v-inner-lg-3 v-inner-md-3 v-inner-3 style-585 style-local-740-c15 position-relative\">\n                        <!---->\n                        <!---->\n                        <div class=\"w-100 h-y-container h-column__content h-column__v-align flex-basis-100 align-self-lg-start align-self-md-start align-self-start\">\n                          <!---->\n                          <div data-colibri-id=\"740-c16\" class=\"h-global-transition-all h-heading style-586 style-local-740-c16 position-relative h-element\">\n                            <!---->\n                            <div class=\"h-heading__outer style-586 style-local-740-c16\">\n                              <!---->\n                              <!---->\n                              <h5 class=\"\">DENUNCIAS DGT (DATOS)<\/h5>\n                            <\/div>\n                          <\/div>\n                          <div data-colibri-id=\"740-c17\" class=\"h-text h-text-component style-587 style-local-740-c17 position-relative h-element\">\n                            <!---->\n                            <!---->\n                            <div class=\"\">\n                              <p>El agente cumplimenta en el dispositivo todos los datos relativos a la denuncia que se pretende tramitar\n                                <br>\n                              <\/p>\n                            <\/div>\n                          <\/div>\n                        <\/div>\n                      <\/div>\n                    <\/div>\n                  <\/div>\n                <\/div>\n              <\/div>\n            <\/div>\n          <\/div>\n          <div class=\"h-column h-column-container d-flex h-col-lg-4 h-col-md-6 h-col-12 style-581-outer style-local-740-c18-outer\">\n            <div data-colibri-id=\"740-c18\" class=\"d-flex h-flex-basis h-column__inner h-px-lg-0 h-px-md-0 h-px-0 v-inner-lg-0 v-inner-md-0 v-inner-0 style-581 style-local-740-c18 position-relative\">\n              <!---->\n              <!---->\n              <div class=\"w-100 h-y-container h-column__content h-column__v-align flex-basis-100 align-self-lg-start align-self-md-start align-self-start\">\n                <!---->\n                <div data-colibri-id=\"740-c19\" class=\"h-row-container gutters-row-lg-0 gutters-row-md-0 gutters-row-0 gutters-row-v-lg-0 gutters-row-v-md-0 gutters-row-v-0 style-582 style-local-740-c19 position-relative\">\n                  <!---->\n                  <div class=\"h-row justify-content-lg-center justify-content-md-center justify-content-center align-items-lg-stretch align-items-md-stretch align-items-stretch gutters-col-lg-0 gutters-col-md-0 gutters-col-0 gutters-col-v-lg-0 gutters-col-v-md-0 gutters-col-v-0\">\n                    <!---->\n                    <div class=\"h-column h-column-container d-flex h-col-lg-12 h-col-md-12 h-col-12 style-583-outer style-local-740-c20-outer\">\n                      <div data-colibri-id=\"740-c20\" class=\"d-flex h-flex-basis h-column__inner h-px-lg-3 h-px-md-3 h-px-3 v-inner-lg-0 v-inner-md-0 v-inner-0 style-583 style-local-740-c20 position-relative\">\n                        <!---->\n                        <!---->\n                        <div class=\"w-100 h-y-container h-column__content h-column__v-align flex-basis-100 align-self-lg-start align-self-md-start align-self-start\">\n                          <!---->\n                          <div data-colibri-id=\"740-c21\" class=\"d-block style-584 style-local-740-c21 position-relative h-element\">\n                            <!---->\n                            <div class=\"h-image__frame-container-outer\">\n                              <div class=\"h-image__frame-container\">\n                                <!---->\n                                <!---->\n                                <img loading=\"lazy\" width=\"736\" height=\"1055\" src=\"https:\/\/irpolsoft.es\/wp-content\/uploads\/2024\/11\/cropped-tramitacion-denuncia-3.png\" class=\"wp-image-795 style-584-image style-local-740-c21-image\" srcset=\"https:\/\/irpolsoft.es\/wp-content\/uploads\/2024\/11\/cropped-tramitacion-denuncia-3.png 736w, https:\/\/irpolsoft.es\/wp-content\/uploads\/2024\/11\/cropped-tramitacion-denuncia-3-209x300.png 209w, https:\/\/irpolsoft.es\/wp-content\/uploads\/2024\/11\/cropped-tramitacion-denuncia-3-714x1024.png 714w\" sizes=\"(max-width: 736px) 100vw, 736px\" alt=\"\" \/>\n                                <div class=\"h-image__frame h-hide-lg h-hide-md h-hide-sm style-584-frameImage style-local-740-c21-frameImage\"><\/div>\n                              <\/div>\n                            <\/div>\n                          <\/div>\n                        <\/div>\n                      <\/div>\n                    <\/div>\n                    <div class=\"h-column h-column-container d-flex h-col-lg-12 h-col-md-12 h-col-12 style-585-outer style-local-740-c22-outer\">\n                      <div data-colibri-id=\"740-c22\" class=\"d-flex h-flex-basis h-column__inner h-px-lg-3 h-px-md-3 h-px-3 v-inner-lg-3 v-inner-md-3 v-inner-3 style-585 style-local-740-c22 position-relative\">\n                        <!---->\n                        <!---->\n                        <div class=\"w-100 h-y-container h-column__content h-column__v-align flex-basis-100 align-self-lg-start align-self-md-start align-self-start\">\n                          <!---->\n                          <div data-colibri-id=\"740-c23\" class=\"h-global-transition-all h-heading style-586 style-local-740-c23 position-relative h-element\">\n                            <!---->\n                            <div class=\"h-heading__outer style-586 style-local-740-c23\">\n                              <!---->\n                              <!---->\n                              <h5 class=\"\">DENUNCIAS DGT (TRAMITACI\u00d3N)<\/h5>\n                            <\/div>\n                          <\/div>\n                          <div data-colibri-id=\"740-c24\" class=\"h-text h-text-component style-587 style-local-740-c24 position-relative h-element\">\n                            <!---->\n                            <!---->\n                            <div class=\"\">\n                              <p>Desde jefatura se tramitan las denuncias que hayan realizado los agentes, enviandolas de forma digital a traves de la plataforma PSAN\n                                <br>\n                              <\/p>\n                            <\/div>\n                          <\/div>\n                        <\/div>\n                      <\/div>\n                    <\/div>\n                  <\/div>\n                <\/div>\n              <\/div>\n            <\/div>\n          <\/div>\n          <div class=\"h-column h-column-container d-flex h-col-lg-4 h-col-md-6 h-col-12 style-581-outer style-local-740-c29-outer\">\n            <div data-colibri-id=\"740-c29\" class=\"d-flex h-flex-basis h-column__inner h-px-lg-0 h-px-md-0 h-px-0 v-inner-lg-0 v-inner-md-0 v-inner-0 style-581 style-local-740-c29 position-relative\">\n              <!---->\n              <!---->\n              <div class=\"w-100 h-y-container h-column__content h-column__v-align flex-basis-100 align-self-lg-start align-self-md-start align-self-start\">\n                <!---->\n                <div data-colibri-id=\"740-c30\" class=\"h-row-container gutters-row-lg-0 gutters-row-md-0 gutters-row-0 gutters-row-v-lg-0 gutters-row-v-md-0 gutters-row-v-0 style-582 style-local-740-c30 position-relative\">\n                  <!---->\n                  <div class=\"h-row justify-content-lg-center justify-content-md-center justify-content-center align-items-lg-stretch align-items-md-stretch align-items-stretch gutters-col-lg-0 gutters-col-md-0 gutters-col-0 gutters-col-v-lg-0 gutters-col-v-md-0 gutters-col-v-0\">\n                    <!---->\n                    <div class=\"h-column h-column-container d-flex h-col-lg-12 h-col-md-12 h-col-12 style-583-outer style-local-740-c31-outer\">\n                      <div data-colibri-id=\"740-c31\" class=\"d-flex h-flex-basis h-column__inner h-px-lg-3 h-px-md-3 h-px-3 v-inner-lg-0 v-inner-md-0 v-inner-0 style-583 style-local-740-c31 position-relative\">\n                        <!---->\n                        <!---->\n                        <div class=\"w-100 h-y-container h-column__content h-column__v-align flex-basis-100 align-self-lg-start align-self-md-start align-self-start\">\n                          <!---->\n                          <div data-colibri-id=\"740-c32\" class=\"d-block style-584 style-local-740-c32 position-relative h-element\">\n                            <!---->\n                            <div class=\"h-image__frame-container-outer\">\n                              <div class=\"h-image__frame-container\">\n                                <!---->\n                                <!---->\n                                <img loading=\"lazy\" width=\"570\" height=\"826\" src=\"https:\/\/irpolsoft.es\/wp-content\/uploads\/2024\/11\/cropped-denuncia-ordenanza.png\" class=\"wp-image-797 style-584-image style-local-740-c32-image\" srcset=\"https:\/\/irpolsoft.es\/wp-content\/uploads\/2024\/11\/cropped-denuncia-ordenanza.png 570w, https:\/\/irpolsoft.es\/wp-content\/uploads\/2024\/11\/cropped-denuncia-ordenanza-207x300.png 207w\" sizes=\"(max-width: 570px) 100vw, 570px\" alt=\"\" \/>\n                                <div class=\"h-image__frame h-hide-lg h-hide-md h-hide-sm style-584-frameImage style-local-740-c32-frameImage\"><\/div>\n                              <\/div>\n                            <\/div>\n                          <\/div>\n                        <\/div>\n                      <\/div>\n                    <\/div>\n                    <div class=\"h-column h-column-container d-flex h-col-lg-12 h-col-md-12 h-col-12 style-585-outer style-local-740-c33-outer\">\n                      <div data-colibri-id=\"740-c33\" class=\"d-flex h-flex-basis h-column__inner h-px-lg-3 h-px-md-3 h-px-3 v-inner-lg-3 v-inner-md-3 v-inner-3 style-585 style-local-740-c33 position-relative\">\n                        <!---->\n                        <!---->\n                        <div class=\"w-100 h-y-container h-column__content h-column__v-align flex-basis-100 align-self-lg-start align-self-md-start align-self-start\">\n                          <!---->\n                          <div data-colibri-id=\"740-c34\" class=\"h-global-transition-all h-heading style-586 style-local-740-c34 position-relative h-element\">\n                            <!---->\n                            <div class=\"h-heading__outer style-586 style-local-740-c34\">\n                              <!---->\n                              <!---->\n                              <h5 class=\"\">DENUNCIAS DE ORDENANZAS<\/h5>\n                            <\/div>\n                          <\/div>\n                          <div data-colibri-id=\"740-c35\" class=\"h-text h-text-component style-587 style-local-740-c35 position-relative h-element\">\n                            <!---->\n                            <!---->\n                            <div class=\"\">\n                              <p>Los agentes a pie de calle pueden cumplimentar las denuncias relativas a ordenanzas y seguridad ciudadana\n                                <br>\n                              <\/p>\n                            <\/div>\n                          <\/div>\n                        <\/div>\n                      <\/div>\n                    <\/div>\n                  <\/div>\n                <\/div>\n              <\/div>\n            <\/div>\n          <\/div>\n        <\/div>\n      <\/div>\n    <\/div>\n  <\/div>\n<\/div>","protected":false},"excerpt":{"rendered":"<p>Tramitaci\u00f3n de todo tipo de denuncias El agente puede tramitar a pie de calle tanto denuncias de ordenanzas o seguridad ciudadana, como denuncias de tr\u00e1fico, destacando en este tipo de denuncias que se realizar\u00e1 la tramitaci\u00f3n directa de las mismas ante la DGT, suprimiendo los boletines en papel DENUNCIAS DGT (EXPEDIENTE) El agente solicita a [&hellip;]<\/p>\n","protected":false},"author":1,"featured_media":0,"parent":0,"menu_order":0,"comment_status":"closed","ping_status":"closed","template":"page-templates\/full-width-page.php","meta":[],"_links":{"self":[{"href":"https:\/\/irpolsoft.es\/index.php?rest_route=\/wp\/v2\/pages\/740"}],"collection":[{"href":"https:\/\/irpolsoft.es\/index.php?rest_route=\/wp\/v2\/pages"}],"about":[{"href":"https:\/\/irpolsoft.es\/index.php?rest_route=\/wp\/v2\/types\/page"}],"author":[{"embeddable":true,"href":"https:\/\/irpolsoft.es\/index.php?rest_route=\/wp\/v2\/users\/1"}],"replies":[{"embeddable":true,"href":"https:\/\/irpolsoft.es\/index.php?rest_route=%2Fwp%2Fv2%2Fcomments&post=740"}],"version-history":[{"count":3,"href":"https:\/\/irpolsoft.es\/index.php?rest_route=\/wp\/v2\/pages\/740\/revisions"}],"predecessor-version":[{"id":799,"href":"https:\/\/irpolsoft.es\/index.php?rest_route=\/wp\/v2\/pages\/740\/revisions\/799"}],"wp:attachment":[{"href":"https:\/\/irpolsoft.es\/index.php?rest_route=%2Fwp%2Fv2%2Fmedia&parent=740"}],"curies":[{"name":"wp","href":"https:\/\/api.w.org\/{rel}","templated":true}]}}