{"id":590,"date":"2024-07-26T11:26:46","date_gmt":"2024-07-26T11:26:46","guid":{"rendered":"https:\/\/irpolsoft.es\/?page_id=590"},"modified":"2024-11-13T10:10:40","modified_gmt":"2024-11-13T10:10:40","slug":"cecor","status":"publish","type":"page","link":"https:\/\/irpolsoft.es\/?page_id=590","title":{"rendered":"CECOR"},"content":{"rendered":"<div data-colibri-id=\"590-c1\" class=\"style-564 style-local-590-c1 position-relative\">\n  <!---->\n  <div data-colibri-component=\"section\" data-colibri-id=\"590-c2\" id=\"features\" class=\"h-section h-section-global-spacing d-flex align-items-lg-center align-items-md-center align-items-center style-565 style-local-590-c2 position-relative\">\n    <!---->\n    <!---->\n    <div class=\"h-section-grid-container h-section-boxed-container\">\n      <div data-colibri-id=\"590-c25\" class=\"h-row-container gutters-row-lg-2 gutters-row-md-2 gutters-row-0 gutters-row-v-lg-2 gutters-row-v-md-2 gutters-row-v-2 style-574 style-local-590-c25 position-relative\">\n        <!---->\n        <div class=\"h-row justify-content-lg-center justify-content-md-center justify-content-center align-items-lg-stretch align-items-md-stretch align-items-stretch gutters-col-lg-2 gutters-col-md-2 gutters-col-0 gutters-col-v-lg-2 gutters-col-v-md-2 gutters-col-v-2\">\n          <!---->\n          <div class=\"h-column h-column-container d-flex h-col-lg-auto h-col-md-auto h-col-auto style-575-outer style-local-590-c26-outer\">\n            <div data-colibri-id=\"590-c26\" class=\"d-flex h-flex-basis h-column__inner h-px-lg-2 h-px-md-2 h-px-2 v-inner-lg-2 v-inner-md-2 v-inner-2 style-575 style-local-590-c26 position-relative\">\n              <!---->\n              <!---->\n              <div class=\"w-100 h-y-container h-column__content h-column__v-align flex-basis-100 align-self-lg-start align-self-md-start align-self-start\">\n                <!---->\n                <div data-colibri-id=\"590-c27\" class=\"h-global-transition-all h-heading style-576 style-local-590-c27 position-relative h-element\">\n                  <!---->\n                  <div class=\"h-heading__outer style-576 style-local-590-c27\">\n                    <!---->\n                    <!---->\n                    <h2 class=\"\">Centro de Control<\/h2>\n                  <\/div>\n                <\/div>\n                <div data-colibri-id=\"590-c28\" class=\"h-lead h-text h-text-component style-577 style-local-590-c28 position-relative h-element\">\n                  <!---->\n                  <!---->\n                  <div class=\"\">\n                    <p>El centro de control nos permitir\u00e1 gestionar las \u00f3rdenes de servicio, as\u00ed como todas las incidencias reportadas\n                      <br>\n                    <\/p>\n                  <\/div>\n                <\/div>\n              <\/div>\n            <\/div>\n          <\/div>\n        <\/div>\n      <\/div>\n      <div data-colibri-id=\"590-c3\" class=\"h-row-container gutters-row-lg-2 gutters-row-md-2 gutters-row-2 gutters-row-v-lg-2 gutters-row-v-md-2 gutters-row-v-2 style-566 style-local-590-c3 position-relative\">\n        <!---->\n        <div class=\"h-row justify-content-lg-center justify-content-md-center justify-content-center align-items-lg-stretch align-items-md-stretch align-items-stretch gutters-col-lg-2 gutters-col-md-2 gutters-col-2 gutters-col-v-lg-2 gutters-col-v-md-2 gutters-col-v-2\">\n          <!---->\n          <div class=\"h-column h-column-container d-flex h-col-lg-4 h-col-md-6 h-col-12 style-567-outer style-local-590-c4-outer\">\n            <div data-colibri-id=\"590-c4\" class=\"d-flex h-flex-basis h-column__inner h-px-lg-0 h-px-md-0 h-px-0 v-inner-lg-0 v-inner-md-0 v-inner-0 style-567 style-local-590-c4 position-relative\">\n              <!---->\n              <!---->\n              <div class=\"w-100 h-y-container h-column__content h-column__v-align flex-basis-100 align-self-lg-start align-self-md-start align-self-start\">\n                <!---->\n                <div data-colibri-id=\"590-c5\" class=\"h-row-container gutters-row-lg-0 gutters-row-md-0 gutters-row-0 gutters-row-v-lg-0 gutters-row-v-md-0 gutters-row-v-0 style-568 style-local-590-c5 position-relative\">\n                  <!---->\n                  <div class=\"h-row justify-content-lg-center justify-content-md-center justify-content-center align-items-lg-stretch align-items-md-stretch align-items-stretch gutters-col-lg-0 gutters-col-md-0 gutters-col-0 gutters-col-v-lg-0 gutters-col-v-md-0 gutters-col-v-0\">\n                    <!---->\n                    <div class=\"h-column h-column-container d-flex h-col-lg-12 h-col-md-12 h-col-12 style-569-outer style-local-590-c6-outer\">\n                      <div data-colibri-id=\"590-c6\" class=\"d-flex h-flex-basis h-column__inner h-px-lg-3 h-px-md-3 h-px-3 v-inner-lg-0 v-inner-md-0 v-inner-0 style-569 style-local-590-c6 position-relative\">\n                        <!---->\n                        <!---->\n                        <div class=\"w-100 h-y-container h-column__content h-column__v-align flex-basis-100 align-self-lg-start align-self-md-start align-self-start\">\n                          <!---->\n                          <div data-colibri-id=\"590-c7\" class=\"d-block style-570 style-local-590-c7 position-relative h-element\">\n                            <!---->\n                            <div class=\"h-image__frame-container-outer\">\n                              <div class=\"h-image__frame-container\">\n                                <!---->\n                                <!---->\n                                <img loading=\"lazy\" width=\"591\" height=\"775\" src=\"https:\/\/irpolsoft.es\/wp-content\/uploads\/2024\/11\/cropped-ordenes-en-telefono-5.png\" class=\"wp-image-733 style-570-image style-local-590-c7-image\" srcset=\"https:\/\/irpolsoft.es\/wp-content\/uploads\/2024\/11\/cropped-ordenes-en-telefono-5.png 591w, https:\/\/irpolsoft.es\/wp-content\/uploads\/2024\/11\/cropped-ordenes-en-telefono-5-229x300.png 229w\" sizes=\"(max-width: 591px) 100vw, 591px\" alt=\"\" \/>\n                                <div class=\"h-image__frame h-hide-lg h-hide-md h-hide-sm style-570-frameImage style-local-590-c7-frameImage\"><\/div>\n                              <\/div>\n                            <\/div>\n                          <\/div>\n                        <\/div>\n                      <\/div>\n                    <\/div>\n                    <div class=\"h-column h-column-container d-flex h-col-lg-12 h-col-md-12 h-col-12 style-571-outer style-local-590-c8-outer\">\n                      <div data-colibri-id=\"590-c8\" class=\"d-flex h-flex-basis h-column__inner h-px-lg-3 h-px-md-3 h-px-3 v-inner-lg-3 v-inner-md-3 v-inner-3 style-571 style-local-590-c8 position-relative\">\n                        <!---->\n                        <!---->\n                        <div class=\"w-100 h-y-container h-column__content h-column__v-align flex-basis-100 align-self-lg-start align-self-md-start align-self-start\">\n                          <!---->\n                          <div data-colibri-id=\"590-c9\" class=\"h-global-transition-all h-heading style-572 style-local-590-c9 position-relative h-element\">\n                            <!---->\n                            <div class=\"h-heading__outer style-572 style-local-590-c9\">\n                              <!---->\n                              <!---->\n                              <h5 class=\"\">ORDENES DE SERVICIO<\/h5>\n                            <\/div>\n                          <\/div>\n                          <div data-colibri-id=\"590-c10\" class=\"h-text h-text-component style-573 style-local-590-c10 position-relative h-element\">\n                            <!---->\n                            <!---->\n                            <div class=\"\">\n                              <p>Desde el centro de control se&nbsp; indicaran a los agentes sus \u00f3rdenes de servicio, que aparecer\u00e1n activas en su dispositivo m\u00f3vil, tan pronto como comience el turno<\/p>\n                            <\/div>\n                          <\/div>\n                        <\/div>\n                      <\/div>\n                    <\/div>\n                  <\/div>\n                <\/div>\n              <\/div>\n            <\/div>\n          <\/div>\n          <div class=\"h-column h-column-container d-flex h-col-lg-4 h-col-md-6 h-col-12 style-567-outer style-local-590-c11-outer\">\n            <div data-colibri-id=\"590-c11\" class=\"d-flex h-flex-basis h-column__inner h-px-lg-0 h-px-md-0 h-px-0 v-inner-lg-0 v-inner-md-0 v-inner-0 style-567 style-local-590-c11 position-relative\">\n              <!---->\n              <!---->\n              <div class=\"w-100 h-y-container h-column__content h-column__v-align flex-basis-100 align-self-lg-start align-self-md-start align-self-start\">\n                <!---->\n                <div data-colibri-id=\"590-c12\" class=\"h-row-container gutters-row-lg-0 gutters-row-md-0 gutters-row-0 gutters-row-v-lg-0 gutters-row-v-md-0 gutters-row-v-0 style-568 style-local-590-c12 position-relative\">\n                  <!---->\n                  <div class=\"h-row justify-content-lg-center justify-content-md-center justify-content-center align-items-lg-stretch align-items-md-stretch align-items-stretch gutters-col-lg-0 gutters-col-md-0 gutters-col-0 gutters-col-v-lg-0 gutters-col-v-md-0 gutters-col-v-0\">\n                    <!---->\n                    <div class=\"h-column h-column-container d-flex h-col-lg-12 h-col-md-12 h-col-12 style-569-outer style-local-590-c13-outer\">\n                      <div data-colibri-id=\"590-c13\" class=\"d-flex h-flex-basis h-column__inner h-px-lg-3 h-px-md-3 h-px-3 v-inner-lg-0 v-inner-md-0 v-inner-0 style-569 style-local-590-c13 position-relative\">\n                        <!---->\n                        <!---->\n                        <div class=\"w-100 h-y-container h-column__content h-column__v-align flex-basis-100 align-self-lg-start align-self-md-start align-self-start\">\n                          <!---->\n                          <div data-colibri-id=\"590-c14\" class=\"d-block style-570 style-local-590-c14 position-relative h-element\">\n                            <!---->\n                            <div class=\"h-image__frame-container-outer\">\n                              <div class=\"h-image__frame-container\">\n                                <!---->\n                                <!---->\n                                <img loading=\"lazy\" width=\"704\" height=\"910\" src=\"https:\/\/irpolsoft.es\/wp-content\/uploads\/2024\/11\/cropped-CANINAS-PANTALLA-TELE-1.png\" class=\"wp-image-946 style-570-image style-local-590-c14-image\" srcset=\"https:\/\/irpolsoft.es\/wp-content\/uploads\/2024\/11\/cropped-CANINAS-PANTALLA-TELE-1.png 704w, https:\/\/irpolsoft.es\/wp-content\/uploads\/2024\/11\/cropped-CANINAS-PANTALLA-TELE-1-232x300.png 232w\" sizes=\"(max-width: 704px) 100vw, 704px\" alt=\"\" \/>\n                                <div class=\"h-image__frame h-hide-lg h-hide-md h-hide-sm style-570-frameImage style-local-590-c14-frameImage\"><\/div>\n                              <\/div>\n                            <\/div>\n                          <\/div>\n                        <\/div>\n                      <\/div>\n                    <\/div>\n                    <div class=\"h-column h-column-container d-flex h-col-lg-12 h-col-md-12 h-col-12 style-571-outer style-local-590-c15-outer\">\n                      <div data-colibri-id=\"590-c15\" class=\"d-flex h-flex-basis h-column__inner h-px-lg-3 h-px-md-3 h-px-3 v-inner-lg-3 v-inner-md-3 v-inner-3 style-571 style-local-590-c15 position-relative\">\n                        <!---->\n                        <!---->\n                        <div class=\"w-100 h-y-container h-column__content h-column__v-align flex-basis-100 align-self-lg-start align-self-md-start align-self-start\">\n                          <!---->\n                          <div data-colibri-id=\"590-c16\" class=\"h-global-transition-all h-heading style-572 style-local-590-c16 position-relative h-element\">\n                            <!---->\n                            <div class=\"h-heading__outer style-572 style-local-590-c16\">\n                              <!---->\n                              <!---->\n                              <h5 class=\"\">CABINAS<\/h5>\n                            <\/div>\n                          <\/div>\n                          <div data-colibri-id=\"590-c17\" class=\"h-text h-text-component style-573 style-local-590-c17 position-relative h-element\">\n                            <!---->\n                            <!---->\n                            <div class=\"\">\n                              <p>En el centro de control se distribuyen desde las cabinas las incidencias reportadas, a los agentes de servicio. Dispone de la visualizaci\u00f3n de los mismos localizados en el mapa. Los agentes reciben las notificaciones de forma\n                                inmediata en sus dispositivos<\/p>\n                            <\/div>\n                          <\/div>\n                        <\/div>\n                      <\/div>\n                    <\/div>\n                  <\/div>\n                <\/div>\n              <\/div>\n            <\/div>\n          <\/div>\n          <div class=\"h-column h-column-container d-flex h-col-lg-4 h-col-md-6 h-col-12 style-567-outer style-local-590-c18-outer\">\n            <div data-colibri-id=\"590-c18\" class=\"d-flex h-flex-basis h-column__inner h-px-lg-0 h-px-md-0 h-px-0 v-inner-lg-0 v-inner-md-0 v-inner-0 style-567 style-local-590-c18 position-relative\">\n              <!---->\n              <!---->\n              <div class=\"w-100 h-y-container h-column__content h-column__v-align flex-basis-100 align-self-lg-start align-self-md-start align-self-start\">\n                <!---->\n                <div data-colibri-id=\"590-c19\" class=\"h-row-container gutters-row-lg-0 gutters-row-md-0 gutters-row-0 gutters-row-v-lg-0 gutters-row-v-md-0 gutters-row-v-0 style-568 style-local-590-c19 position-relative\">\n                  <!---->\n                  <div class=\"h-row justify-content-lg-center justify-content-md-center justify-content-center align-items-lg-stretch align-items-md-stretch align-items-stretch gutters-col-lg-0 gutters-col-md-0 gutters-col-0 gutters-col-v-lg-0 gutters-col-v-md-0 gutters-col-v-0\">\n                    <!---->\n                    <div class=\"h-column h-column-container d-flex h-col-lg-12 h-col-md-12 h-col-12 style-569-outer style-local-590-c20-outer\">\n                      <div data-colibri-id=\"590-c20\" class=\"d-flex h-flex-basis h-column__inner h-px-lg-3 h-px-md-3 h-px-3 v-inner-lg-0 v-inner-md-0 v-inner-0 style-569 style-local-590-c20 position-relative\">\n                        <!---->\n                        <!---->\n                        <div class=\"w-100 h-y-container h-column__content h-column__v-align flex-basis-100 align-self-lg-start align-self-md-start align-self-start\">\n                          <!---->\n                          <div data-colibri-id=\"590-c21\" class=\"d-block style-570 style-local-590-c21 position-relative h-element\">\n                            <!---->\n                            <div class=\"h-image__frame-container-outer\">\n                              <div class=\"h-image__frame-container\">\n                                <!---->\n                                <!---->\n                                <img loading=\"lazy\" width=\"711\" height=\"924\" src=\"https:\/\/irpolsoft.es\/wp-content\/uploads\/2024\/11\/cropped-MAPA-AGENTES-PANTALLA-TELE.png\" class=\"wp-image-955 style-570-image style-local-590-c21-image\" srcset=\"https:\/\/irpolsoft.es\/wp-content\/uploads\/2024\/11\/cropped-MAPA-AGENTES-PANTALLA-TELE.png 711w, https:\/\/irpolsoft.es\/wp-content\/uploads\/2024\/11\/cropped-MAPA-AGENTES-PANTALLA-TELE-231x300.png 231w\" sizes=\"(max-width: 711px) 100vw, 711px\" alt=\"\" \/>\n                                <div class=\"h-image__frame h-hide-lg h-hide-md h-hide-sm style-570-frameImage style-local-590-c21-frameImage\"><\/div>\n                              <\/div>\n                            <\/div>\n                          <\/div>\n                        <\/div>\n                      <\/div>\n                    <\/div>\n                    <div class=\"h-column h-column-container d-flex h-col-lg-12 h-col-md-12 h-col-12 style-571-outer style-local-590-c22-outer\">\n                      <div data-colibri-id=\"590-c22\" class=\"d-flex h-flex-basis h-column__inner h-px-lg-3 h-px-md-3 h-px-3 v-inner-lg-3 v-inner-md-3 v-inner-3 style-571 style-local-590-c22 position-relative\">\n                        <!---->\n                        <!---->\n                        <div class=\"w-100 h-y-container h-column__content h-column__v-align flex-basis-100 align-self-lg-start align-self-md-start align-self-start\">\n                          <!---->\n                          <div data-colibri-id=\"590-c23\" class=\"h-global-transition-all h-heading style-572 style-local-590-c23 position-relative h-element\">\n                            <!---->\n                            <div class=\"h-heading__outer style-572 style-local-590-c23\">\n                              <!---->\n                              <!---->\n                              <h5 class=\"\">MAPA AGENTES<\/h5>\n                            <\/div>\n                          <\/div>\n                          <div data-colibri-id=\"590-c24\" class=\"h-text h-text-component style-573 style-local-590-c24 position-relative h-element\">\n                            <!---->\n                            <!---->\n                            <div class=\"\">\n                              <p>Desde el centro de control, en todo momento se visualiza el mapa con la posici\u00f3n de los agentes de servicio, y mostrando la tarea que se encuentran realizando en ese momento.<\/p>\n                            <\/div>\n                          <\/div>\n                        <\/div>\n                      <\/div>\n                    <\/div>\n                  <\/div>\n                <\/div>\n              <\/div>\n            <\/div>\n          <\/div>\n        <\/div>\n      <\/div>\n    <\/div>\n  <\/div>\n<\/div>","protected":false},"excerpt":{"rendered":"<p>Centro de Control El centro de control nos permitir\u00e1 gestionar las \u00f3rdenes de servicio, as\u00ed como todas las incidencias reportadas ORDENES DE SERVICIO Desde el centro de control se&nbsp; indicaran a los agentes sus \u00f3rdenes de servicio, que aparecer\u00e1n activas en su dispositivo m\u00f3vil, tan pronto como comience el turno CABINAS En el centro de [&hellip;]<\/p>\n","protected":false},"author":1,"featured_media":0,"parent":0,"menu_order":0,"comment_status":"closed","ping_status":"closed","template":"page-templates\/full-width-page.php","meta":[],"_links":{"self":[{"href":"https:\/\/irpolsoft.es\/index.php?rest_route=\/wp\/v2\/pages\/590"}],"collection":[{"href":"https:\/\/irpolsoft.es\/index.php?rest_route=\/wp\/v2\/pages"}],"about":[{"href":"https:\/\/irpolsoft.es\/index.php?rest_route=\/wp\/v2\/types\/page"}],"author":[{"embeddable":true,"href":"https:\/\/irpolsoft.es\/index.php?rest_route=\/wp\/v2\/users\/1"}],"replies":[{"embeddable":true,"href":"https:\/\/irpolsoft.es\/index.php?rest_route=%2Fwp%2Fv2%2Fcomments&post=590"}],"version-history":[{"count":16,"href":"https:\/\/irpolsoft.es\/index.php?rest_route=\/wp\/v2\/pages\/590\/revisions"}],"predecessor-version":[{"id":957,"href":"https:\/\/irpolsoft.es\/index.php?rest_route=\/wp\/v2\/pages\/590\/revisions\/957"}],"wp:attachment":[{"href":"https:\/\/irpolsoft.es\/index.php?rest_route=%2Fwp%2Fv2%2Fmedia&parent=590"}],"curies":[{"name":"wp","href":"https:\/\/api.w.org\/{rel}","templated":true}]}}