{"id":532,"date":"2024-07-17T10:46:58","date_gmt":"2024-07-17T10:46:58","guid":{"rendered":"https:\/\/irpolsoft.es\/?page_id=532"},"modified":"2024-07-25T09:34:28","modified_gmt":"2024-07-25T09:34:28","slug":"seguridad-ciudadana","status":"publish","type":"page","link":"https:\/\/irpolsoft.es\/?page_id=532","title":{"rendered":"SEGURIDAD CIUDADANA"},"content":{"rendered":"<div data-colibri-id=\"532-c1\" class=\"style-550 style-local-532-c1 position-relative\">\n  <!---->\n  <div data-colibri-component=\"section\" data-colibri-id=\"532-c2\" id=\"features\" class=\"h-section h-section-global-spacing d-flex align-items-lg-center align-items-md-center align-items-center style-551 style-local-532-c2 position-relative\">\n    <!---->\n    <!---->\n    <div class=\"h-section-grid-container h-section-boxed-container\">\n      <div data-colibri-id=\"532-c25\" class=\"h-row-container gutters-row-lg-2 gutters-row-md-2 gutters-row-0 gutters-row-v-lg-2 gutters-row-v-md-2 gutters-row-v-2 style-560 style-local-532-c25 position-relative\">\n        <!---->\n        <div class=\"h-row justify-content-lg-center justify-content-md-center justify-content-center align-items-lg-stretch align-items-md-stretch align-items-stretch gutters-col-lg-2 gutters-col-md-2 gutters-col-0 gutters-col-v-lg-2 gutters-col-v-md-2 gutters-col-v-2\">\n          <!---->\n          <div class=\"h-column h-column-container d-flex h-col-lg-auto h-col-md-auto h-col-auto style-561-outer style-local-532-c26-outer\">\n            <div data-colibri-id=\"532-c26\" class=\"d-flex h-flex-basis h-column__inner h-px-lg-2 h-px-md-2 h-px-2 v-inner-lg-2 v-inner-md-2 v-inner-2 style-561 style-local-532-c26 position-relative\">\n              <!---->\n              <!---->\n              <div class=\"w-100 h-y-container h-column__content h-column__v-align flex-basis-100 align-self-lg-start align-self-md-start align-self-start\">\n                <!---->\n                <div data-colibri-id=\"532-c27\" class=\"h-global-transition-all h-heading style-562 style-local-532-c27 position-relative h-element\">\n                  <!---->\n                  <div class=\"h-heading__outer style-562 style-local-532-c27\">\n                    <!---->\n                    <!---->\n                    <h2 class=\"\">IrPol facilita los tr\u00e1mites del \u00e1rea de seguridad ciudadana<\/h2>\n                  <\/div>\n                <\/div>\n                <div data-colibri-id=\"532-c28\" class=\"h-lead h-text h-text-component style-563 style-local-532-c28 position-relative h-element\">\n                  <!---->\n                  <!---->\n                  <div class=\"\">\n                    <p>A trav\u00e9s del dispositivo m\u00f3vil, los agentes podr\u00e1n detallar todas las actuaciones relativas a seguridad ciudadana, podr\u00e1n registrar las vigilancias, localizaciones permanentes, controles&#8230;.\n                      <br>\n                    <\/p>\n                  <\/div>\n                <\/div>\n              <\/div>\n            <\/div>\n          <\/div>\n        <\/div>\n      <\/div>\n      <div data-colibri-id=\"532-c3\" class=\"h-row-container gutters-row-lg-2 gutters-row-md-2 gutters-row-2 gutters-row-v-lg-2 gutters-row-v-md-2 gutters-row-v-2 style-552 style-local-532-c3 position-relative\">\n        <!---->\n        <div class=\"h-row justify-content-lg-center justify-content-md-center justify-content-center align-items-lg-stretch align-items-md-stretch align-items-stretch gutters-col-lg-2 gutters-col-md-2 gutters-col-2 gutters-col-v-lg-2 gutters-col-v-md-2 gutters-col-v-2\">\n          <!---->\n          <div class=\"h-column h-column-container d-flex h-col-lg-4 h-col-md-6 h-col-12 style-553-outer style-local-532-c4-outer\">\n            <div data-colibri-id=\"532-c4\" class=\"d-flex h-flex-basis h-column__inner h-px-lg-0 h-px-md-0 h-px-0 v-inner-lg-0 v-inner-md-0 v-inner-0 style-553 style-local-532-c4 position-relative\">\n              <!---->\n              <!---->\n              <div class=\"w-100 h-y-container h-column__content h-column__v-align flex-basis-100 align-self-lg-start align-self-md-start align-self-start\">\n                <!---->\n                <div data-colibri-id=\"532-c5\" class=\"h-row-container gutters-row-lg-0 gutters-row-md-0 gutters-row-0 gutters-row-v-lg-0 gutters-row-v-md-0 gutters-row-v-0 style-554 style-local-532-c5 position-relative\">\n                  <!---->\n                  <div class=\"h-row justify-content-lg-center justify-content-md-center justify-content-center align-items-lg-stretch align-items-md-stretch align-items-stretch gutters-col-lg-0 gutters-col-md-0 gutters-col-0 gutters-col-v-lg-0 gutters-col-v-md-0 gutters-col-v-0\">\n                    <!---->\n                    <div class=\"h-column h-column-container d-flex h-col-lg-12 h-col-md-12 h-col-12 style-555-outer style-local-532-c6-outer\">\n                      <div data-colibri-id=\"532-c6\" class=\"d-flex h-flex-basis h-column__inner h-px-lg-3 h-px-md-3 h-px-3 v-inner-lg-0 v-inner-md-0 v-inner-0 style-555 style-local-532-c6 position-relative\">\n                        <!---->\n                        <!---->\n                        <div class=\"w-100 h-y-container h-column__content h-column__v-align flex-basis-100 align-self-lg-start align-self-md-start align-self-start\">\n                          <!---->\n                          <div data-colibri-id=\"532-c7\" class=\"d-block style-556 style-local-532-c7 position-relative h-element\">\n                            <!---->\n                            <div class=\"h-image__frame-container-outer\">\n                              <div class=\"h-image__frame-container\">\n                                <!---->\n                                <!---->\n                                <img loading=\"lazy\" width=\"562\" height=\"758\" src=\"https:\/\/irpolsoft.es\/wp-content\/uploads\/2024\/07\/cropped-vigilancia-edificios-1.png\" class=\"wp-image-583 style-556-image style-local-532-c7-image\" srcset=\"https:\/\/irpolsoft.es\/wp-content\/uploads\/2024\/07\/cropped-vigilancia-edificios-1.png 562w, https:\/\/irpolsoft.es\/wp-content\/uploads\/2024\/07\/cropped-vigilancia-edificios-1-222x300.png 222w\" sizes=\"(max-width: 562px) 100vw, 562px\" alt=\"\" \/>\n                                <div class=\"h-image__frame h-hide-lg h-hide-md h-hide-sm style-556-frameImage style-local-532-c7-frameImage\"><\/div>\n                              <\/div>\n                            <\/div>\n                          <\/div>\n                        <\/div>\n                      <\/div>\n                    <\/div>\n                    <div class=\"h-column h-column-container d-flex h-col-lg-12 h-col-md-12 h-col-12 style-557-outer style-local-532-c8-outer\">\n                      <div data-colibri-id=\"532-c8\" class=\"d-flex h-flex-basis h-column__inner h-px-lg-3 h-px-md-3 h-px-3 v-inner-lg-3 v-inner-md-3 v-inner-3 style-557 style-local-532-c8 position-relative\">\n                        <!---->\n                        <!---->\n                        <div class=\"w-100 h-y-container h-column__content h-column__v-align flex-basis-100 align-self-lg-start align-self-md-start align-self-start\">\n                          <!---->\n                          <div data-colibri-id=\"532-c9\" class=\"h-global-transition-all h-heading style-558 style-local-532-c9 position-relative h-element\">\n                            <!---->\n                            <div class=\"h-heading__outer style-558 style-local-532-c9\">\n                              <!---->\n                              <!---->\n                              <h5 class=\"\">VIGILANCIA EDIFICIOS Y LUGARES<\/h5>\n                            <\/div>\n                          <\/div>\n                          <div data-colibri-id=\"532-c10\" class=\"h-text h-text-component style-559 style-local-532-c10 position-relative h-element\">\n                            <!---->\n                            <!---->\n                            <div class=\"\">\n                              <p>El agente registra en el dispositivo loss d\u00edas y horas que realizan la vigilancia, as\u00ed como las circunstancias que consideren de inter\u00e9s\n                                <br>\n                              <\/p>\n                            <\/div>\n                          <\/div>\n                        <\/div>\n                      <\/div>\n                    <\/div>\n                  <\/div>\n                <\/div>\n              <\/div>\n            <\/div>\n          <\/div>\n          <div class=\"h-column h-column-container d-flex h-col-lg-4 h-col-md-6 h-col-12 style-553-outer style-local-532-c11-outer\">\n            <div data-colibri-id=\"532-c11\" class=\"d-flex h-flex-basis h-column__inner h-px-lg-0 h-px-md-0 h-px-0 v-inner-lg-0 v-inner-md-0 v-inner-0 style-553 style-local-532-c11 position-relative\">\n              <!---->\n              <!---->\n              <div class=\"w-100 h-y-container h-column__content h-column__v-align flex-basis-100 align-self-lg-start align-self-md-start align-self-start\">\n                <!---->\n                <div data-colibri-id=\"532-c12\" class=\"h-row-container gutters-row-lg-0 gutters-row-md-0 gutters-row-0 gutters-row-v-lg-0 gutters-row-v-md-0 gutters-row-v-0 style-554 style-local-532-c12 position-relative\">\n                  <!---->\n                  <div class=\"h-row justify-content-lg-center justify-content-md-center justify-content-center align-items-lg-stretch align-items-md-stretch align-items-stretch gutters-col-lg-0 gutters-col-md-0 gutters-col-0 gutters-col-v-lg-0 gutters-col-v-md-0 gutters-col-v-0\">\n                    <!---->\n                    <div class=\"h-column h-column-container d-flex h-col-lg-12 h-col-md-12 h-col-12 style-555-outer style-local-532-c13-outer\">\n                      <div data-colibri-id=\"532-c13\" class=\"d-flex h-flex-basis h-column__inner h-px-lg-3 h-px-md-3 h-px-3 v-inner-lg-0 v-inner-md-0 v-inner-0 style-555 style-local-532-c13 position-relative\">\n                        <!---->\n                        <!---->\n                        <div class=\"w-100 h-y-container h-column__content h-column__v-align flex-basis-100 align-self-lg-start align-self-md-start align-self-start\">\n                          <!---->\n                          <div data-colibri-id=\"532-c14\" class=\"d-block style-556 style-local-532-c14 position-relative h-element\">\n                            <!---->\n                            <div class=\"h-image__frame-container-outer\">\n                              <div class=\"h-image__frame-container\">\n                                <!---->\n                                <!---->\n                                <img loading=\"lazy\" width=\"555\" height=\"760\" src=\"https:\/\/irpolsoft.es\/wp-content\/uploads\/2024\/07\/cropped-FIRMA-1.png\" class=\"wp-image-581 style-556-image style-local-532-c14-image\" srcset=\"https:\/\/irpolsoft.es\/wp-content\/uploads\/2024\/07\/cropped-FIRMA-1.png 555w, https:\/\/irpolsoft.es\/wp-content\/uploads\/2024\/07\/cropped-FIRMA-1-219x300.png 219w\" sizes=\"(max-width: 555px) 100vw, 555px\" alt=\"\" \/>\n                                <div class=\"h-image__frame h-hide-lg h-hide-md h-hide-sm style-556-frameImage style-local-532-c14-frameImage\"><\/div>\n                              <\/div>\n                            <\/div>\n                          <\/div>\n                        <\/div>\n                      <\/div>\n                    <\/div>\n                    <div class=\"h-column h-column-container d-flex h-col-lg-12 h-col-md-12 h-col-12 style-557-outer style-local-532-c15-outer\">\n                      <div data-colibri-id=\"532-c15\" class=\"d-flex h-flex-basis h-column__inner h-px-lg-3 h-px-md-3 h-px-3 v-inner-lg-3 v-inner-md-3 v-inner-3 style-557 style-local-532-c15 position-relative\">\n                        <!---->\n                        <!---->\n                        <div class=\"w-100 h-y-container h-column__content h-column__v-align flex-basis-100 align-self-lg-start align-self-md-start align-self-start\">\n                          <!---->\n                          <div data-colibri-id=\"532-c16\" class=\"h-global-transition-all h-heading style-558 style-local-532-c16 position-relative h-element\">\n                            <!---->\n                            <div class=\"h-heading__outer style-558 style-local-532-c16\">\n                              <!---->\n                              <!---->\n                              <h5 class=\"\">LOCALIZACI\u00d3N PERMANENTE \/ FIRMAS<\/h5>\n                            <\/div>\n                          <\/div>\n                          <div data-colibri-id=\"532-c17\" class=\"h-text h-text-component style-559 style-local-532-c17 position-relative h-element\">\n                            <!---->\n                            <!---->\n                            <div class=\"\">\n                              <p>El agente recoge las firmas en el dispositivo m\u00f3vil, as\u00ed como podr\u00e1 indicar la ausencia en caso de que no localizar al individuo<\/p>\n                            <\/div>\n                          <\/div>\n                        <\/div>\n                      <\/div>\n                    <\/div>\n                  <\/div>\n                <\/div>\n              <\/div>\n            <\/div>\n          <\/div>\n          <div class=\"h-column h-column-container d-flex h-col-lg-4 h-col-md-6 h-col-12 style-553-outer style-local-532-c18-outer\">\n            <div data-colibri-id=\"532-c18\" class=\"d-flex h-flex-basis h-column__inner h-px-lg-0 h-px-md-0 h-px-0 v-inner-lg-0 v-inner-md-0 v-inner-0 style-553 style-local-532-c18 position-relative\">\n              <!---->\n              <!---->\n              <div class=\"w-100 h-y-container h-column__content h-column__v-align flex-basis-100 align-self-lg-start align-self-md-start align-self-start\">\n                <!---->\n                <div data-colibri-id=\"532-c19\" class=\"h-row-container gutters-row-lg-0 gutters-row-md-0 gutters-row-0 gutters-row-v-lg-0 gutters-row-v-md-0 gutters-row-v-0 style-554 style-local-532-c19 position-relative\">\n                  <!---->\n                  <div class=\"h-row justify-content-lg-center justify-content-md-center justify-content-center align-items-lg-stretch align-items-md-stretch align-items-stretch gutters-col-lg-0 gutters-col-md-0 gutters-col-0 gutters-col-v-lg-0 gutters-col-v-md-0 gutters-col-v-0\">\n                    <!---->\n                    <div class=\"h-column h-column-container d-flex h-col-lg-12 h-col-md-12 h-col-12 style-555-outer style-local-532-c20-outer\">\n                      <div data-colibri-id=\"532-c20\" class=\"d-flex h-flex-basis h-column__inner h-px-lg-3 h-px-md-3 h-px-3 v-inner-lg-0 v-inner-md-0 v-inner-0 style-555 style-local-532-c20 position-relative\">\n                        <!---->\n                        <!---->\n                        <div class=\"w-100 h-y-container h-column__content h-column__v-align flex-basis-100 align-self-lg-start align-self-md-start align-self-start\">\n                          <!---->\n                          <div data-colibri-id=\"532-c21\" class=\"d-block style-556 style-local-532-c21 position-relative h-element\">\n                            <!---->\n                            <div class=\"h-image__frame-container-outer\">\n                              <div class=\"h-image__frame-container\">\n                                <!---->\n                                <!---->\n                                <img loading=\"lazy\" width=\"665\" height=\"911\" src=\"https:\/\/irpolsoft.es\/wp-content\/uploads\/2024\/07\/cropped-REGISTRO-FIRMAS-3.png\" class=\"wp-image-558 style-556-image style-local-532-c21-image\" srcset=\"https:\/\/irpolsoft.es\/wp-content\/uploads\/2024\/07\/cropped-REGISTRO-FIRMAS-3.png 665w, https:\/\/irpolsoft.es\/wp-content\/uploads\/2024\/07\/cropped-REGISTRO-FIRMAS-3-219x300.png 219w\" sizes=\"(max-width: 665px) 100vw, 665px\" alt=\"\" \/>\n                                <div class=\"h-image__frame h-hide-lg h-hide-md h-hide-sm style-556-frameImage style-local-532-c21-frameImage\"><\/div>\n                              <\/div>\n                            <\/div>\n                          <\/div>\n                        <\/div>\n                      <\/div>\n                    <\/div>\n                    <div class=\"h-column h-column-container d-flex h-col-lg-12 h-col-md-12 h-col-12 style-557-outer style-local-532-c22-outer\">\n                      <div data-colibri-id=\"532-c22\" class=\"d-flex h-flex-basis h-column__inner h-px-lg-3 h-px-md-3 h-px-3 v-inner-lg-3 v-inner-md-3 v-inner-3 style-557 style-local-532-c22 position-relative\">\n                        <!---->\n                        <!---->\n                        <div class=\"w-100 h-y-container h-column__content h-column__v-align flex-basis-100 align-self-lg-start align-self-md-start align-self-start\">\n                          <!---->\n                          <div data-colibri-id=\"532-c23\" class=\"h-global-transition-all h-heading style-558 style-local-532-c23 position-relative h-element\">\n                            <!---->\n                            <div class=\"h-heading__outer style-558 style-local-532-c23\">\n                              <!---->\n                              <!---->\n                              <h5 class=\"\">LOCALIZACI\u00d3N PERMANENTE \/ INFORME FIRMAS<\/h5>\n                            <\/div>\n                          <\/div>\n                          <div data-colibri-id=\"532-c24\" class=\"h-text h-text-component style-559 style-local-532-c24 position-relative h-element\">\n                            <!---->\n                            <!---->\n                            <div class=\"\">\n                              <p>El informe de firmas a remitir al juzgado se obtiene directamente en Jefatura, a partir de los datos introducidos por los agentes en los dispositivos\n                                <br>\n                              <\/p>\n                            <\/div>\n                          <\/div>\n                        <\/div>\n                      <\/div>\n                    <\/div>\n                  <\/div>\n                <\/div>\n              <\/div>\n            <\/div>\n          <\/div>\n        <\/div>\n      <\/div>\n    <\/div>\n  <\/div>\n<\/div>","protected":false},"excerpt":{"rendered":"<p>IrPol facilita los tr\u00e1mites del \u00e1rea de seguridad ciudadana A trav\u00e9s del dispositivo m\u00f3vil, los agentes podr\u00e1n detallar todas las actuaciones relativas a seguridad ciudadana, podr\u00e1n registrar las vigilancias, localizaciones permanentes, controles&#8230;. VIGILANCIA EDIFICIOS Y LUGARES El agente registra en el dispositivo loss d\u00edas y horas que realizan la vigilancia, as\u00ed como las circunstancias que [&hellip;]<\/p>\n","protected":false},"author":1,"featured_media":0,"parent":0,"menu_order":0,"comment_status":"closed","ping_status":"closed","template":"page-templates\/full-width-page.php","meta":[],"_links":{"self":[{"href":"https:\/\/irpolsoft.es\/index.php?rest_route=\/wp\/v2\/pages\/532"}],"collection":[{"href":"https:\/\/irpolsoft.es\/index.php?rest_route=\/wp\/v2\/pages"}],"about":[{"href":"https:\/\/irpolsoft.es\/index.php?rest_route=\/wp\/v2\/types\/page"}],"author":[{"embeddable":true,"href":"https:\/\/irpolsoft.es\/index.php?rest_route=\/wp\/v2\/users\/1"}],"replies":[{"embeddable":true,"href":"https:\/\/irpolsoft.es\/index.php?rest_route=%2Fwp%2Fv2%2Fcomments&post=532"}],"version-history":[{"count":6,"href":"https:\/\/irpolsoft.es\/index.php?rest_route=\/wp\/v2\/pages\/532\/revisions"}],"predecessor-version":[{"id":585,"href":"https:\/\/irpolsoft.es\/index.php?rest_route=\/wp\/v2\/pages\/532\/revisions\/585"}],"wp:attachment":[{"href":"https:\/\/irpolsoft.es\/index.php?rest_route=%2Fwp%2Fv2%2Fmedia&parent=532"}],"curies":[{"name":"wp","href":"https:\/\/api.w.org\/{rel}","templated":true}]}}