{"id":491,"date":"2024-06-27T15:43:28","date_gmt":"2024-06-27T15:43:28","guid":{"rendered":"https:\/\/irpolsoft.es\/?page_id=491"},"modified":"2024-11-13T10:49:41","modified_gmt":"2024-11-13T10:49:41","slug":"policia-comunitaria","status":"publish","type":"page","link":"https:\/\/irpolsoft.es\/?page_id=491","title":{"rendered":"POLIC\u00cdA COMUNITARIA"},"content":{"rendered":"<div data-colibri-id=\"491-c1\" class=\"style-536 style-local-491-c1 position-relative\">\n  <!---->\n  <div data-colibri-component=\"section\" data-colibri-id=\"491-c2\" id=\"features\" class=\"h-section h-section-global-spacing d-flex align-items-lg-center align-items-md-center align-items-center style-537 style-local-491-c2 position-relative\">\n    <!---->\n    <!---->\n    <div class=\"h-section-grid-container h-section-boxed-container\">\n      <div data-colibri-id=\"491-c32\" class=\"h-row-container gutters-row-lg-2 gutters-row-md-2 gutters-row-0 gutters-row-v-lg-2 gutters-row-v-md-2 gutters-row-v-2 style-546 style-local-491-c32 position-relative\">\n        <!---->\n        <div class=\"h-row justify-content-lg-center justify-content-md-center justify-content-center align-items-lg-stretch align-items-md-stretch align-items-stretch gutters-col-lg-2 gutters-col-md-2 gutters-col-0 gutters-col-v-lg-2 gutters-col-v-md-2 gutters-col-v-2\">\n          <!---->\n          <div class=\"h-column h-column-container d-flex h-col-lg-auto h-col-md-auto h-col-auto style-547-outer style-local-491-c33-outer\">\n            <div data-colibri-id=\"491-c33\" class=\"d-flex h-flex-basis h-column__inner h-px-lg-2 h-px-md-2 h-px-2 v-inner-lg-2 v-inner-md-2 v-inner-2 style-547 style-local-491-c33 position-relative\">\n              <!---->\n              <!---->\n              <div class=\"w-100 h-y-container h-column__content h-column__v-align flex-basis-100 align-self-lg-start align-self-md-start align-self-start\">\n                <!---->\n                <div data-colibri-id=\"491-c34\" class=\"h-global-transition-all h-heading style-548 style-local-491-c34 position-relative h-element\">\n                  <!---->\n                  <div class=\"h-heading__outer style-548 style-local-491-c34\">\n                    <!---->\n                    <!---->\n                    <h2 class=\"\">IrPOL facilita el servicio al ciudadano<\/h2>\n                  <\/div>\n                <\/div>\n                <div data-colibri-id=\"491-c35\" class=\"h-lead h-text h-text-component style-549 style-local-491-c35 position-relative h-element\">\n                  <!---->\n                  <!---->\n                  <div class=\"\">\n                    <p>El agente dispone una herramienta que facilita el enfoque preventivo y de proximidad a la comunidad, para identificar las causas del delito, promover actividades preventivas y fomentar la participaci\u00f3n ciudadana\n                      <br>\n                    <\/p>\n                  <\/div>\n                <\/div>\n              <\/div>\n            <\/div>\n          <\/div>\n        <\/div>\n      <\/div>\n      <div data-colibri-id=\"491-c3\" class=\"h-row-container gutters-row-lg-2 gutters-row-md-2 gutters-row-2 gutters-row-v-lg-2 gutters-row-v-md-2 gutters-row-v-2 style-538 style-local-491-c3 position-relative\">\n        <!---->\n        <div class=\"h-row justify-content-lg-center justify-content-md-center justify-content-center align-items-lg-stretch align-items-md-stretch align-items-stretch gutters-col-lg-2 gutters-col-md-2 gutters-col-2 gutters-col-v-lg-2 gutters-col-v-md-2 gutters-col-v-2\">\n          <!---->\n          <div class=\"h-column h-column-container d-flex h-col-lg-4 h-col-md-6 h-col-12 style-539-outer style-local-491-c4-outer\">\n            <div data-colibri-id=\"491-c4\" class=\"d-flex h-flex-basis h-column__inner h-px-lg-0 h-px-md-0 h-px-0 v-inner-lg-0 v-inner-md-0 v-inner-0 style-539 style-local-491-c4 position-relative\">\n              <!---->\n              <!---->\n              <div class=\"w-100 h-y-container h-column__content h-column__v-align flex-basis-100 align-self-lg-start align-self-md-start align-self-start\">\n                <!---->\n                <div data-colibri-id=\"491-c5\" class=\"h-row-container gutters-row-lg-0 gutters-row-md-0 gutters-row-0 gutters-row-v-lg-0 gutters-row-v-md-0 gutters-row-v-0 style-540 style-local-491-c5 position-relative\">\n                  <!---->\n                  <div class=\"h-row justify-content-lg-center justify-content-md-center justify-content-center align-items-lg-stretch align-items-md-stretch align-items-stretch gutters-col-lg-0 gutters-col-md-0 gutters-col-0 gutters-col-v-lg-0 gutters-col-v-md-0 gutters-col-v-0\">\n                    <!---->\n                    <div class=\"h-column h-column-container d-flex h-col-lg-12 h-col-md-12 h-col-12 style-541-outer style-local-491-c6-outer\">\n                      <div data-colibri-id=\"491-c6\" class=\"d-flex h-flex-basis h-column__inner h-px-lg-3 h-px-md-3 h-px-3 v-inner-lg-0 v-inner-md-0 v-inner-0 style-541 style-local-491-c6 position-relative\">\n                        <!---->\n                        <!---->\n                        <div class=\"w-100 h-y-container h-column__content h-column__v-align flex-basis-100 align-self-lg-start align-self-md-start align-self-start\">\n                          <!---->\n                          <div data-colibri-id=\"491-c7\" class=\"d-block style-542 style-local-491-c7 position-relative h-element\">\n                            <!---->\n                            <div class=\"h-image__frame-container-outer\">\n                              <div class=\"h-image__frame-container\">\n                                <!---->\n                                <!---->\n                                <img loading=\"lazy\" width=\"557\" height=\"761\" src=\"https:\/\/irpolsoft.es\/wp-content\/uploads\/2024\/07\/cropped-MENU.png\" class=\"wp-image-505 style-542-image style-local-491-c7-image\" srcset=\"https:\/\/irpolsoft.es\/wp-content\/uploads\/2024\/07\/cropped-MENU.png 557w, https:\/\/irpolsoft.es\/wp-content\/uploads\/2024\/07\/cropped-MENU-220x300.png 220w\" sizes=\"(max-width: 557px) 100vw, 557px\" alt=\"\" \/>\n                                <div class=\"h-image__frame h-hide-lg h-hide-md h-hide-sm style-542-frameImage style-local-491-c7-frameImage\"><\/div>\n                              <\/div>\n                            <\/div>\n                          <\/div>\n                        <\/div>\n                      <\/div>\n                    <\/div>\n                    <div class=\"h-column h-column-container d-flex h-col-lg-12 h-col-md-12 h-col-12 style-543-outer style-local-491-c8-outer\">\n                      <div data-colibri-id=\"491-c8\" class=\"d-flex h-flex-basis h-column__inner h-px-lg-3 h-px-md-3 h-px-3 v-inner-lg-3 v-inner-md-3 v-inner-3 style-543 style-local-491-c8 position-relative\">\n                        <!---->\n                        <!---->\n                        <div class=\"w-100 h-y-container h-column__content h-column__v-align flex-basis-100 align-self-lg-start align-self-md-start align-self-start\">\n                          <!---->\n                          <div data-colibri-id=\"491-c9\" class=\"h-global-transition-all h-heading style-544 style-local-491-c9 position-relative h-element\">\n                            <!---->\n                            <div class=\"h-heading__outer style-544 style-local-491-c9\">\n                              <!---->\n                              <!---->\n                              <h5 class=\"\">SE CUBREN DIFERENTES \u00c1REAS<\/h5>\n                            <\/div>\n                          <\/div>\n                          <div data-colibri-id=\"491-c10\" class=\"h-text h-text-component style-545 style-local-491-c10 position-relative h-element\">\n                            <!---->\n                            <!---->\n                            <div class=\"\">\n                              <p>El agente cuenta con diversos apartados donde registrar las actuaciones relativas a servicios comunitarios\n                                <br>\n                              <\/p>\n                            <\/div>\n                          <\/div>\n                        <\/div>\n                      <\/div>\n                    <\/div>\n                  <\/div>\n                <\/div>\n              <\/div>\n            <\/div>\n          <\/div>\n          <div class=\"h-column h-column-container d-flex h-col-lg-4 h-col-md-6 h-col-12 style-539-outer style-local-491-c11-outer\">\n            <div data-colibri-id=\"491-c11\" class=\"d-flex h-flex-basis h-column__inner h-px-lg-0 h-px-md-0 h-px-0 v-inner-lg-0 v-inner-md-0 v-inner-0 style-539 style-local-491-c11 position-relative\">\n              <!---->\n              <!---->\n              <div class=\"w-100 h-y-container h-column__content h-column__v-align flex-basis-100 align-self-lg-start align-self-md-start align-self-start\">\n                <!---->\n                <div data-colibri-id=\"491-c12\" class=\"h-row-container gutters-row-lg-0 gutters-row-md-0 gutters-row-0 gutters-row-v-lg-0 gutters-row-v-md-0 gutters-row-v-0 style-540 style-local-491-c12 position-relative\">\n                  <!---->\n                  <div class=\"h-row justify-content-lg-center justify-content-md-center justify-content-center align-items-lg-stretch align-items-md-stretch align-items-stretch gutters-col-lg-0 gutters-col-md-0 gutters-col-0 gutters-col-v-lg-0 gutters-col-v-md-0 gutters-col-v-0\">\n                    <!---->\n                    <div class=\"h-column h-column-container d-flex h-col-lg-12 h-col-md-12 h-col-12 style-541-outer style-local-491-c13-outer\">\n                      <div data-colibri-id=\"491-c13\" class=\"d-flex h-flex-basis h-column__inner h-px-lg-3 h-px-md-3 h-px-3 v-inner-lg-0 v-inner-md-0 v-inner-0 style-541 style-local-491-c13 position-relative\">\n                        <!---->\n                        <!---->\n                        <div class=\"w-100 h-y-container h-column__content h-column__v-align flex-basis-100 align-self-lg-start align-self-md-start align-self-start\">\n                          <!---->\n                          <div data-colibri-id=\"491-c14\" class=\"d-block style-542 style-local-491-c14 position-relative h-element\">\n                            <!---->\n                            <div class=\"h-image__frame-container-outer\">\n                              <div class=\"h-image__frame-container\">\n                                <!---->\n                                <!---->\n                                <img loading=\"lazy\" width=\"711\" height=\"970\" src=\"https:\/\/irpolsoft.es\/wp-content\/uploads\/2024\/11\/cropped-ZONAS-PANTALLA.png\" class=\"wp-image-963 style-542-image style-local-491-c14-image\" srcset=\"https:\/\/irpolsoft.es\/wp-content\/uploads\/2024\/11\/cropped-ZONAS-PANTALLA.png 711w, https:\/\/irpolsoft.es\/wp-content\/uploads\/2024\/11\/cropped-ZONAS-PANTALLA-220x300.png 220w\" sizes=\"(max-width: 711px) 100vw, 711px\" alt=\"\" \/>\n                                <div class=\"h-image__frame h-hide-lg h-hide-md h-hide-sm style-542-frameImage style-local-491-c14-frameImage\"><\/div>\n                              <\/div>\n                            <\/div>\n                          <\/div>\n                        <\/div>\n                      <\/div>\n                    <\/div>\n                    <div class=\"h-column h-column-container d-flex h-col-lg-12 h-col-md-12 h-col-12 style-543-outer style-local-491-c15-outer\">\n                      <div data-colibri-id=\"491-c15\" class=\"d-flex h-flex-basis h-column__inner h-px-lg-3 h-px-md-3 h-px-3 v-inner-lg-3 v-inner-md-3 v-inner-3 style-543 style-local-491-c15 position-relative\">\n                        <!---->\n                        <!---->\n                        <div class=\"w-100 h-y-container h-column__content h-column__v-align flex-basis-100 align-self-lg-start align-self-md-start align-self-start\">\n                          <!---->\n                          <div data-colibri-id=\"491-c16\" class=\"h-global-transition-all h-heading style-544 style-local-491-c16 position-relative h-element\">\n                            <!---->\n                            <div class=\"h-heading__outer style-544 style-local-491-c16\">\n                              <!---->\n                              <!---->\n                              <h5 class=\"\">ZONAS \/ DISTRITOS<\/h5>\n                            <\/div>\n                          <\/div>\n                          <div data-colibri-id=\"491-c17\" class=\"h-text h-text-component style-545 style-local-491-c17 position-relative h-element\">\n                            <!---->\n                            <!---->\n                            <div class=\"\">\n                              <p>Se delimitan las distintas zonas donde act\u00faan los comit\u00e9s de barrio, y de esta forma tenemos acotadas por zonas las diferentes actuaciones\n                                <br>\n                              <\/p>\n                            <\/div>\n                          <\/div>\n                        <\/div>\n                      <\/div>\n                    <\/div>\n                  <\/div>\n                <\/div>\n              <\/div>\n            <\/div>\n          <\/div>\n          <div class=\"h-column h-column-container d-flex h-col-lg-4 h-col-md-6 h-col-12 style-539-outer style-local-491-c18-outer\">\n            <div data-colibri-id=\"491-c18\" class=\"d-flex h-flex-basis h-column__inner h-px-lg-0 h-px-md-0 h-px-0 v-inner-lg-0 v-inner-md-0 v-inner-0 style-539 style-local-491-c18 position-relative\">\n              <!---->\n              <!---->\n              <div class=\"w-100 h-y-container h-column__content h-column__v-align flex-basis-100 align-self-lg-start align-self-md-start align-self-start\">\n                <!---->\n                <div data-colibri-id=\"491-c19\" class=\"h-row-container gutters-row-lg-0 gutters-row-md-0 gutters-row-0 gutters-row-v-lg-0 gutters-row-v-md-0 gutters-row-v-0 style-540 style-local-491-c19 position-relative\">\n                  <!---->\n                  <div class=\"h-row justify-content-lg-center justify-content-md-center justify-content-center align-items-lg-stretch align-items-md-stretch align-items-stretch gutters-col-lg-0 gutters-col-md-0 gutters-col-0 gutters-col-v-lg-0 gutters-col-v-md-0 gutters-col-v-0\">\n                    <!---->\n                    <div class=\"h-column h-column-container d-flex h-col-lg-12 h-col-md-12 h-col-12 style-541-outer style-local-491-c20-outer\">\n                      <div data-colibri-id=\"491-c20\" class=\"d-flex h-flex-basis h-column__inner h-px-lg-3 h-px-md-3 h-px-3 v-inner-lg-0 v-inner-md-0 v-inner-0 style-541 style-local-491-c20 position-relative\">\n                        <!---->\n                        <!---->\n                        <div class=\"w-100 h-y-container h-column__content h-column__v-align flex-basis-100 align-self-lg-start align-self-md-start align-self-start\">\n                          <!---->\n                          <div data-colibri-id=\"491-c21\" class=\"d-block style-542 style-local-491-c21 position-relative h-element\">\n                            <!---->\n                            <div class=\"h-image__frame-container-outer\">\n                              <div class=\"h-image__frame-container\">\n                                <!---->\n                                <!---->\n                                <img loading=\"lazy\" width=\"697\" height=\"953\" src=\"https:\/\/irpolsoft.es\/wp-content\/uploads\/2024\/11\/cropped-MAPA-DE-CALOR-1.png\" class=\"wp-image-967 style-542-image style-local-491-c21-image\" srcset=\"https:\/\/irpolsoft.es\/wp-content\/uploads\/2024\/11\/cropped-MAPA-DE-CALOR-1.png 697w, https:\/\/irpolsoft.es\/wp-content\/uploads\/2024\/11\/cropped-MAPA-DE-CALOR-1-219x300.png 219w\" sizes=\"(max-width: 697px) 100vw, 697px\" alt=\"\" \/>\n                                <div class=\"h-image__frame h-hide-lg h-hide-md h-hide-sm style-542-frameImage style-local-491-c21-frameImage\"><\/div>\n                              <\/div>\n                            <\/div>\n                          <\/div>\n                        <\/div>\n                      <\/div>\n                    <\/div>\n                    <div class=\"h-column h-column-container d-flex h-col-lg-12 h-col-md-12 h-col-12 style-543-outer style-local-491-c22-outer\">\n                      <div data-colibri-id=\"491-c22\" class=\"d-flex h-flex-basis h-column__inner h-px-lg-3 h-px-md-3 h-px-3 v-inner-lg-3 v-inner-md-3 v-inner-3 style-543 style-local-491-c22 position-relative\">\n                        <!---->\n                        <!---->\n                        <div class=\"w-100 h-y-container h-column__content h-column__v-align flex-basis-100 align-self-lg-start align-self-md-start align-self-start\">\n                          <!---->\n                          <div data-colibri-id=\"491-c23\" class=\"h-global-transition-all h-heading style-544 style-local-491-c23 position-relative h-element\">\n                            <!---->\n                            <div class=\"h-heading__outer style-544 style-local-491-c23\">\n                              <!---->\n                              <!---->\n                              <h5 class=\"\">MAPAS DE CALOR<\/h5>\n                            <\/div>\n                          <\/div>\n                          <div data-colibri-id=\"491-c24\" class=\"h-text h-text-component style-545 style-local-491-c24 position-relative h-element\">\n                            <!---->\n                            <!---->\n                            <div class=\"\">\n                              <p>En funci\u00f3n de las actuaciones registradas se definen mapas de calor donde se pueden apreciar la concentraci\u00f3n de determinado tipo de incidencias\n                                <br>\n                              <\/p>\n                            <\/div>\n                          <\/div>\n                        <\/div>\n                      <\/div>\n                    <\/div>\n                  <\/div>\n                <\/div>\n              <\/div>\n            <\/div>\n          <\/div>\n          <div class=\"h-column h-column-container d-flex h-col-lg-4 h-col-md-6 h-col-12 style-539-outer style-local-491-c25-outer\">\n            <div data-colibri-id=\"491-c25\" class=\"d-flex h-flex-basis h-column__inner h-px-lg-0 h-px-md-0 h-px-0 v-inner-lg-0 v-inner-md-0 v-inner-0 style-539 style-local-491-c25 position-relative\">\n              <!---->\n              <!---->\n              <div class=\"w-100 h-y-container h-column__content h-column__v-align flex-basis-100 align-self-lg-start align-self-md-start align-self-start\">\n                <!---->\n                <div data-colibri-id=\"491-c26\" class=\"h-row-container gutters-row-lg-0 gutters-row-md-0 gutters-row-0 gutters-row-v-lg-0 gutters-row-v-md-0 gutters-row-v-0 style-540 style-local-491-c26 position-relative\">\n                  <!---->\n                  <div class=\"h-row justify-content-lg-center justify-content-md-center justify-content-center align-items-lg-stretch align-items-md-stretch align-items-stretch gutters-col-lg-0 gutters-col-md-0 gutters-col-0 gutters-col-v-lg-0 gutters-col-v-md-0 gutters-col-v-0\">\n                    <!---->\n                    <div class=\"h-column h-column-container d-flex h-col-lg-12 h-col-md-12 h-col-12 style-541-outer style-local-491-c27-outer\">\n                      <div data-colibri-id=\"491-c27\" class=\"d-flex h-flex-basis h-column__inner h-px-lg-3 h-px-md-3 h-px-3 v-inner-lg-0 v-inner-md-0 v-inner-0 style-541 style-local-491-c27 position-relative\">\n                        <!---->\n                        <!---->\n                        <div class=\"w-100 h-y-container h-column__content h-column__v-align flex-basis-100 align-self-lg-start align-self-md-start align-self-start\">\n                          <!---->\n                          <div data-colibri-id=\"491-c28\" class=\"d-block style-542 style-local-491-c28 position-relative h-element\">\n                            <!---->\n                            <div class=\"h-image__frame-container-outer\">\n                              <div class=\"h-image__frame-container\">\n                                <!---->\n                                <!---->\n                                <img loading=\"lazy\" width=\"700\" height=\"968\" src=\"https:\/\/irpolsoft.es\/wp-content\/uploads\/2024\/11\/cropped-ESTADISTICAS.png\" class=\"wp-image-969 style-542-image style-local-491-c28-image\" srcset=\"https:\/\/irpolsoft.es\/wp-content\/uploads\/2024\/11\/cropped-ESTADISTICAS.png 700w, https:\/\/irpolsoft.es\/wp-content\/uploads\/2024\/11\/cropped-ESTADISTICAS-217x300.png 217w\" sizes=\"(max-width: 700px) 100vw, 700px\" alt=\"\" \/>\n                                <div class=\"h-image__frame h-hide-lg h-hide-md h-hide-sm style-542-frameImage style-local-491-c28-frameImage\"><\/div>\n                              <\/div>\n                            <\/div>\n                          <\/div>\n                        <\/div>\n                      <\/div>\n                    <\/div>\n                    <div class=\"h-column h-column-container d-flex h-col-lg-12 h-col-md-12 h-col-12 style-543-outer style-local-491-c29-outer\">\n                      <div data-colibri-id=\"491-c29\" class=\"d-flex h-flex-basis h-column__inner h-px-lg-3 h-px-md-3 h-px-3 v-inner-lg-3 v-inner-md-3 v-inner-3 style-543 style-local-491-c29 position-relative\">\n                        <!---->\n                        <!---->\n                        <div class=\"w-100 h-y-container h-column__content h-column__v-align flex-basis-100 align-self-lg-start align-self-md-start align-self-start\">\n                          <!---->\n                          <div data-colibri-id=\"491-c30\" class=\"h-global-transition-all h-heading style-544 style-local-491-c30 position-relative h-element\">\n                            <!---->\n                            <div class=\"h-heading__outer style-544 style-local-491-c30\">\n                              <!---->\n                              <!---->\n                              <h5 class=\"\">ESTAD\u00cdSTICAS<\/h5>\n                            <\/div>\n                          <\/div>\n                          <div data-colibri-id=\"491-c31\" class=\"h-text h-text-component style-545 style-local-491-c31 position-relative h-element\">\n                            <!---->\n                            <!---->\n                            <div class=\"\">\n                              <p>Procesando los datos de los distintos tipos de actuaciones se obtienen diferentes gr\u00e1ficos comparativos que nos ayudan al an\u00e1lisis de la informaci\u00f3n\n                                <br>\n                              <\/p>\n                            <\/div>\n                          <\/div>\n                        <\/div>\n                      <\/div>\n                    <\/div>\n                  <\/div>\n                <\/div>\n              <\/div>\n            <\/div>\n          <\/div>\n        <\/div>\n      <\/div>\n    <\/div>\n  <\/div>\n<\/div>","protected":false},"excerpt":{"rendered":"<p>IrPOL facilita el servicio al ciudadano El agente dispone una herramienta que facilita el enfoque preventivo y de proximidad a la comunidad, para identificar las causas del delito, promover actividades preventivas y fomentar la participaci\u00f3n ciudadana SE CUBREN DIFERENTES \u00c1REAS El agente cuenta con diversos apartados donde registrar las actuaciones relativas a servicios comunitarios ZONAS [&hellip;]<\/p>\n","protected":false},"author":1,"featured_media":0,"parent":0,"menu_order":0,"comment_status":"closed","ping_status":"closed","template":"page-templates\/full-width-page.php","meta":[],"_links":{"self":[{"href":"https:\/\/irpolsoft.es\/index.php?rest_route=\/wp\/v2\/pages\/491"}],"collection":[{"href":"https:\/\/irpolsoft.es\/index.php?rest_route=\/wp\/v2\/pages"}],"about":[{"href":"https:\/\/irpolsoft.es\/index.php?rest_route=\/wp\/v2\/types\/page"}],"author":[{"embeddable":true,"href":"https:\/\/irpolsoft.es\/index.php?rest_route=\/wp\/v2\/users\/1"}],"replies":[{"embeddable":true,"href":"https:\/\/irpolsoft.es\/index.php?rest_route=%2Fwp%2Fv2%2Fcomments&post=491"}],"version-history":[{"count":5,"href":"https:\/\/irpolsoft.es\/index.php?rest_route=\/wp\/v2\/pages\/491\/revisions"}],"predecessor-version":[{"id":971,"href":"https:\/\/irpolsoft.es\/index.php?rest_route=\/wp\/v2\/pages\/491\/revisions\/971"}],"wp:attachment":[{"href":"https:\/\/irpolsoft.es\/index.php?rest_route=%2Fwp%2Fv2%2Fmedia&parent=491"}],"curies":[{"name":"wp","href":"https:\/\/api.w.org\/{rel}","templated":true}]}}