{"id":1096,"date":"2024-11-14T10:42:56","date_gmt":"2024-11-14T10:42:56","guid":{"rendered":"https:\/\/irpolsoft.es\/?page_id=1096"},"modified":"2024-11-14T11:11:46","modified_gmt":"2024-11-14T11:11:46","slug":"politica-de-cookies","status":"publish","type":"page","link":"https:\/\/irpolsoft.es\/?page_id=1096","title":{"rendered":"Pol\u00edtica de cookies"},"content":{"rendered":"<div data-colibri-id=\"1096-c1\" class=\"style-840 style-local-1096-c1 position-relative\">\n  <!---->\n  <div data-colibri-component=\"section\" data-colibri-id=\"1096-c2\" id=\"features\" class=\"h-section h-section-global-spacing d-flex align-items-lg-center align-items-md-center align-items-center style-841 style-local-1096-c2 position-relative\">\n    <!---->\n    <!---->\n    <div class=\"h-section-grid-container h-section-boxed-container\">\n      <!---->\n      <div data-colibri-id=\"1096-c32\" class=\"h-row-container gutters-row-lg-0 gutters-row-md-0 gutters-row-2 gutters-row-v-lg-0 gutters-row-v-md-0 gutters-row-v-2 style-845 style-local-1096-c32 position-relative\">\n        <!---->\n        <div class=\"h-row justify-content-lg-center justify-content-md-center justify-content-center align-items-lg-stretch align-items-md-stretch align-items-stretch gutters-col-lg-0 gutters-col-md-0 gutters-col-2 gutters-col-v-lg-0 gutters-col-v-md-0 gutters-col-v-2\">\n          <!---->\n          <div class=\"h-column h-column-container d-flex h-col-lg-auto h-col-md-auto h-col-auto style-846-outer style-local-1096-c33-outer\">\n            <div data-colibri-id=\"1096-c33\" class=\"d-flex h-flex-basis h-column__inner h-px-lg-2 h-px-md-3 h-px-2 v-inner-lg-2 v-inner-md-3 v-inner-2 style-846 style-local-1096-c33 position-relative\">\n              <!---->\n              <!---->\n              <div class=\"w-100 h-y-container h-column__content h-column__v-align flex-basis-100 align-self-lg-start align-self-md-start align-self-start\">\n                <!---->\n                <div data-colibri-id=\"1096-c34\" class=\"h-global-transition-all h-heading style-847 style-local-1096-c34 position-relative h-element\">\n                  <!---->\n                  <div class=\"h-heading__outer style-847 style-local-1096-c34\">\n                    <!---->\n                    <!---->\n                    <h4 class=\"\">1. Introducci\u00f3n<\/h4>\n                  <\/div>\n                <\/div>\n                <div data-colibri-id=\"1096-c35\" class=\"h-text h-text-component style-848 style-local-1096-c35 position-relative h-element\">\n                  <!---->\n                  <!---->\n                  <div class=\"\">\n                    <p><span style=\"font-weight: 400; font-size: 16px; font-family: Open Sans; color: rgb(30, 30, 30);\">Nuestra web,www.irpolsoft.es (en adelante: \u00abla web\u00bb) utiliza cookies y otras tecnolog\u00edas relacionadas (para mayor comodidad, todas las tecnolog\u00edas se denominan \u00abcookies\u00bb). Las cookies tambi\u00e9n son colocadas por terceros a los que hemos contratado. En el siguiente documento te informamos sobre el uso de cookies en nuestra web.<\/span><\/p>\n                  <\/div>\n                <\/div>\n              <\/div>\n            <\/div>\n          <\/div>\n          <div class=\"h-column h-column-container d-flex h-col-lg-auto h-col-md-auto h-col-auto style-846-outer style-local-1096-c36-outer\">\n            <div data-colibri-id=\"1096-c36\" class=\"d-flex h-flex-basis h-column__inner h-px-lg-2 h-px-md-3 h-px-2 v-inner-lg-2 v-inner-md-3 v-inner-2 style-846 style-local-1096-c36 position-relative\">\n              <!---->\n              <!---->\n              <div class=\"w-100 h-y-container h-column__content h-column__v-align flex-basis-100 align-self-lg-start align-self-md-start align-self-start\">\n                <!---->\n                <div data-colibri-id=\"1096-c37\" class=\"h-global-transition-all h-heading style-847 style-local-1096-c37 position-relative h-element\">\n                  <!---->\n                  <div class=\"h-heading__outer style-847 style-local-1096-c37\">\n                    <!---->\n                    <!---->\n                    <h4 class=\"\">2. \u00bfQu\u00e9 son las cookies?<\/h4>\n                  <\/div>\n                <\/div>\n                <div data-colibri-id=\"1096-c38\" class=\"h-text h-text-component style-848 style-local-1096-c38 position-relative h-element\">\n                  <!---->\n                  <!---->\n                  <div class=\"\">\n                    <p><span style=\"color: rgb(30, 30, 30); font-family: Open Sans; font-size: 16px; font-weight: 400;\">Una cookie es un peque\u00f1o archivo simple que se env\u00eda junto con las p\u00e1ginas de esta web y que tu navegador almacena en el disco duro de tu ordenador o de otro dispositivo. La informaci\u00f3n almacenada puede ser devuelta a nuestros servidores o a los servidores de terceros relevantes durante una visita posterior.<\/span><\/p>\n                  <\/div>\n                <\/div>\n              <\/div>\n            <\/div>\n          <\/div>\n          <div class=\"h-column h-column-container d-flex h-col-lg-auto h-col-md-auto h-col-auto style-846-outer style-local-1096-c39-outer\">\n            <div data-colibri-id=\"1096-c39\" class=\"d-flex h-flex-basis h-column__inner h-px-lg-2 h-px-md-3 h-px-2 v-inner-lg-2 v-inner-md-3 v-inner-2 style-846 style-local-1096-c39 position-relative\">\n              <!---->\n              <!---->\n              <div class=\"w-100 h-y-container h-column__content h-column__v-align flex-basis-100 align-self-lg-start align-self-md-start align-self-start\">\n                <!---->\n                <div data-colibri-id=\"1096-c40\" class=\"h-global-transition-all h-heading style-847 style-local-1096-c40 position-relative h-element\">\n                  <!---->\n                  <div class=\"h-heading__outer style-847 style-local-1096-c40\">\n                    <!---->\n                    <!---->\n                    <h4 class=\"\">3. Cookies<\/h4>\n                  <\/div>\n                <\/div>\n                <div data-colibri-id=\"1096-c41\" class=\"h-text h-text-component style-848 style-local-1096-c41 position-relative h-element\">\n                  <!---->\n                  <!---->\n                  <div class=\"\">\n                    <p><strong style=\"font-size: 16px; font-family: Open Sans; color: rgb(30, 30, 30); font-weight: 600;\">Cookies t\u00e9cnicas o funcionales<\/strong><\/p>\n                    <p><span style=\"font-size: 16px; font-family: Open Sans; color: rgb(30, 30, 30); font-weight: 400;\">Algunas cookies aseguran que ciertas partes de la web funcionen correctamente y que tus preferencias de usuario sigan record\u00e1ndose. Al colocar cookies funcionales, te facilitamos la visita a nuestra web. De esta manera, no necesitas introducir repetidamente la misma informaci\u00f3n cuando visitas nuestra web y, por ejemplo, los art\u00edculos permanecen en tu cesta de la compra hasta que hayas pagado. Podemos colocar estas cookies sin tu consentimiento.<\/span><\/p>\n                  <\/div>\n                <\/div>\n              <\/div>\n            <\/div>\n          <\/div>\n          <div class=\"h-column h-column-container d-flex h-col-lg-auto h-col-md-auto h-col-auto style-846-outer style-local-1096-c42-outer\">\n            <div data-colibri-id=\"1096-c42\" class=\"d-flex h-flex-basis h-column__inner h-px-lg-2 h-px-md-3 h-px-2 v-inner-lg-2 v-inner-md-3 v-inner-2 style-846 style-local-1096-c42 position-relative\">\n              <!---->\n              <!---->\n              <div class=\"w-100 h-y-container h-column__content h-column__v-align flex-basis-100 align-self-lg-start align-self-md-start align-self-start\">\n                <!---->\n                <div data-colibri-id=\"1096-c43\" class=\"h-global-transition-all h-heading style-847 style-local-1096-c43 position-relative h-element\">\n                  <!---->\n                  <div class=\"h-heading__outer style-847 style-local-1096-c43\">\n                    <!---->\n                    <!---->\n                    <h4 class=\"\">4. Cookies usadas<\/h4>\n                  <\/div>\n                <\/div>\n                <div data-colibri-id=\"1096-c44\" class=\"h-text h-text-component style-848 style-local-1096-c44 position-relative h-element\">\n                  <!---->\n                  <!---->\n                  <div class=\"\">\n                    <p><strong style=\"font-size: 16px; font-family: Open Sans; color: rgb(30, 30, 30); font-weight: 600;\">4.1.- Google Analytics:<\/strong><\/p>\n                    <p><span style=\"font-size: 16px; font-family: Open Sans; color: rgb(30, 30, 30); font-weight: 400;\">Usamos Google Analytics para estad\u00edsticas de sitio web<\/span><\/p>\n                    <p><span style=\"font-weight: 400; font-size: 16px; font-family: Open Sans; color: rgb(30, 30, 30);\">Para m\u00e1s informaci\u00f3n lea la <\/span>\n                      <a href=\"https:\/\/policies.google.com\/privacy\" style=\"font-weight: 400; font-size: 16px; font-family: Open Sans; color: rgb(0, 103, 153);\"\n                        class=\"customize-unpreviewable\">pol\u00edtica de privacidad de Google Analytics<\/a>\n                    <\/p>\n                    <p><span style=\"font-weight: 400; font-size: 16px; font-family: Open Sans; color: rgb(30, 30, 30);\">Duraci\u00f3n 2 a\u00f1os<\/span><\/p>\n                    <p><strong style=\"font-size: 16px; font-family: Open Sans; color: rgb(30, 30, 30); font-weight: 600;\">4.2.- Varios<\/strong><\/p>\n                    <p><span style=\"font-weight: 400; font-size: 16px; font-family: Open Sans; color: rgb(30, 30, 30);\">wp_mobiledts_theme<\/span><\/p>\n                    <p><span style=\"font-weight: 400; font-size: 16px; font-family: Open Sans; color: rgb(30, 30, 30);\">w3tc_referrer<\/span><\/p>\n                    <p><span style=\"font-weight: 400; font-size: 16px; font-family: Open Sans; color: rgb(30, 30, 30);\">complianz_policy_id Duraci\u00f3n 1 a\u00f1o<\/span><\/p>\n                    <p><span style=\"font-weight: 400; font-size: 16px; font-family: Open Sans; color: rgb(30, 30, 30);\">complianz_consent_status Duraci\u00f3n 1 a\u00f1o<\/span><\/p>\n                    <p><span style=\"font-weight: 400; font-size: 16px; font-family: Open Sans; color: rgb(30, 30, 30);\">cmplz_marketing Duraci\u00f3n 1 a\u00f1o<\/span><\/p>\n                  <\/div>\n                <\/div>\n              <\/div>\n            <\/div>\n          <\/div>\n          <div class=\"h-column h-column-container d-flex h-col-lg-auto h-col-md-auto h-col-auto style-846-outer style-local-1096-c45-outer\">\n            <div data-colibri-id=\"1096-c45\" class=\"d-flex h-flex-basis h-column__inner h-px-lg-2 h-px-md-3 h-px-2 v-inner-lg-2 v-inner-md-3 v-inner-2 style-846 style-local-1096-c45 position-relative\">\n              <!---->\n              <!---->\n              <div class=\"w-100 h-y-container h-column__content h-column__v-align flex-basis-100 align-self-lg-start align-self-md-start align-self-start\">\n                <!---->\n                <div data-colibri-id=\"1096-c46\" class=\"h-global-transition-all h-heading style-847 style-local-1096-c46 position-relative h-element\">\n                  <!---->\n                  <div class=\"h-heading__outer style-847 style-local-1096-c46\">\n                    <!---->\n                    <!---->\n                    <h4 class=\"\">5. Consentimiento<\/h4>\n                  <\/div>\n                <\/div>\n                <div data-colibri-id=\"1096-c47\" class=\"h-text h-text-component style-848 style-local-1096-c47 position-relative h-element\">\n                  <!---->\n                  <!---->\n                  <div class=\"\">\n                    <p><span style=\"font-weight: 400; font-size: 16px; font-family: Open Sans; color: rgb(30, 30, 30);\">Cuando visites nuestra web por primera vez, te mostraremos una ventana emergente con una explicaci\u00f3n sobre las cookies. Tan pronto como hagas clic en \u00abGuardar preferencias\u00bb, aceptas que usemos las categor\u00edas de cookies y plugins que has seleccionado en la ventana emergente, tal y como se describe en esta pol\u00edtica de cookies. Puedes desactivar el uso de cookies a trav\u00e9s de tu navegador, pero, por favor, ten en cuenta que nuestra web puede dejar de funcionar correctamente.<\/span><\/p>\n                  <\/div>\n                <\/div>\n              <\/div>\n            <\/div>\n          <\/div>\n          <div class=\"h-column h-column-container d-flex h-col-lg-auto h-col-md-auto h-col-auto style-846-outer style-local-1096-c48-outer\">\n            <div data-colibri-id=\"1096-c48\" class=\"d-flex h-flex-basis h-column__inner h-px-lg-2 h-px-md-3 h-px-2 v-inner-lg-2 v-inner-md-3 v-inner-2 style-846 style-local-1096-c48 position-relative\">\n              <!---->\n              <!---->\n              <div class=\"w-100 h-y-container h-column__content h-column__v-align flex-basis-100 align-self-lg-start align-self-md-start align-self-start\">\n                <!---->\n                <div data-colibri-id=\"1096-c49\" class=\"h-global-transition-all h-heading style-847 style-local-1096-c49 position-relative h-element\">\n                  <!---->\n                  <div class=\"h-heading__outer style-847 style-local-1096-c49\">\n                    <!---->\n                    <!---->\n                    <h4 class=\"\">6. Activaci\u00f3n, desactivaci\u00f3n y eliminaci\u00f3n de cookies<\/h4>\n                  <\/div>\n                <\/div>\n                <div data-colibri-id=\"1096-c50\" class=\"h-text h-text-component style-848 style-local-1096-c50 position-relative h-element\">\n                  <!---->\n                  <!---->\n                  <div class=\"\">\n                    <p><span style=\"font-weight: 400; font-size: 16px; font-family: Open Sans; color: rgb(30, 30, 30);\">Puedes utilizar tu navegador de Internet para eliminar las cookies de forma autom\u00e1tica o manual. Tambi\u00e9n puedes especificar que ciertas cookies no pueden ser colocadas. Otra opci\u00f3n es cambiar los ajustes de tu navegador de Internet para que recibas un mensaje cada vez que se coloca una cookie. Para obtener m\u00e1s informaci\u00f3n sobre estas opciones, consulta las instrucciones de la secci\u00f3n \u00abAyuda\u00bb de tu navegador.<\/span><\/p>\n                    <p><span style=\"font-weight: 400; font-size: 16px; font-family: Open Sans; color: rgb(30, 30, 30);\">Ten en cuenta que nuestra web puede no funcionar correctamente si todas las cookies est\u00e1n desactivadas. Si borras las cookies de tu navegador, se volver\u00e1n a colocar despu\u00e9s de tu consentimiento cuando vuelvas a visitar nuestras webs.<\/span><\/p>\n                  <\/div>\n                <\/div>\n              <\/div>\n            <\/div>\n          <\/div>\n          <div class=\"h-column h-column-container d-flex h-col-lg-auto h-col-md-auto h-col-auto style-846-outer style-local-1096-c51-outer\">\n            <div data-colibri-id=\"1096-c51\" class=\"d-flex h-flex-basis h-column__inner h-px-lg-2 h-px-md-3 h-px-2 v-inner-lg-2 v-inner-md-3 v-inner-2 style-846 style-local-1096-c51 position-relative\">\n              <!---->\n              <!---->\n              <div class=\"w-100 h-y-container h-column__content h-column__v-align flex-basis-100 align-self-lg-start align-self-md-start align-self-start\">\n                <!---->\n                <div data-colibri-id=\"1096-c52\" class=\"h-global-transition-all h-heading style-847 style-local-1096-c52 position-relative h-element\">\n                  <!---->\n                  <div class=\"h-heading__outer style-847 style-local-1096-c52\">\n                    <!---->\n                    <!---->\n                    <h4 class=\"\">7. Detalles de contacto<\/h4>\n                  <\/div>\n                <\/div>\n                <div data-colibri-id=\"1096-c53\" class=\"h-text h-text-component style-848 style-local-1096-c53 position-relative h-element\">\n                  <!---->\n                  <!---->\n                  <div class=\"\">\n                    <p><span style=\"color: rgb(30, 30, 30); font-family: Open Sans; font-size: 16px; font-weight: 400;\">Para preguntas y\/o comentarios sobre nuestra pol\u00edtica de cookies y esta declaraci\u00f3n, por favor, contacta con nosotros usando los siguientes datos de contacto:<\/span><\/p>\n                    <p><span style=\"color: rgb(30, 30, 30); font-family: Open Sans; font-size: 16px; font-weight: 400;\">ANALISIS Y DESARROLLO DE SOFTWARE, S.L.<\/span><\/p>\n                    <p><span style=\"color: rgb(30, 30, 30); font-family: Open Sans; font-size: 16px; font-weight: 400;\">Urb. San Roque, 22<\/span><\/p>\n                    <p><span style=\"color: rgb(30, 30, 30); font-family: Open Sans; font-size: 16px; font-weight: 400;\">24540 Cacabelos (Le\u00f3n)<\/span><\/p>\n                    <p><span style=\"color: rgb(30, 30, 30); font-family: Open Sans; font-size: 16px; font-weight: 400;\">Espa\u00f1a<\/span><\/p>\n                    <p><span style=\"color: rgb(30, 30, 30); font-family: Open Sans; font-size: 16px; font-weight: 400;\">Website: www.irpolsoft.es<\/span><\/p>\n                    <p><span style=\"color: rgb(30, 30, 30); font-family: Open Sans; font-size: 16px; font-weight: 400;\">e-mail: info@irpolsoft.es<\/span><\/p>\n                    <p><span style=\"color: rgb(30, 30, 30); font-family: Open Sans; font-size: 16px; font-weight: 400;\">Tel\u00e9fono: 902100103<\/span><span style=\"color: rgb(30, 30, 30); font-family: Noto Serif; font-size: 16px; font-weight: 400;\"><br><\/span><\/p>\n                  <\/div>\n                <\/div>\n              <\/div>\n            <\/div>\n          <\/div>\n        <\/div>\n      <\/div>\n    <\/div>\n  <\/div>\n<\/div>","protected":false},"excerpt":{"rendered":"<p>1. Introducci\u00f3n Nuestra web,www.irpolsoft.es (en adelante: \u00abla web\u00bb) utiliza cookies y otras tecnolog\u00edas relacionadas (para mayor comodidad, todas las tecnolog\u00edas se denominan \u00abcookies\u00bb). Las cookies tambi\u00e9n son colocadas por terceros a los que hemos contratado. En el siguiente documento te informamos sobre el uso de cookies en nuestra web. 2. \u00bfQu\u00e9 son las cookies? Una [&hellip;]<\/p>\n","protected":false},"author":1,"featured_media":0,"parent":0,"menu_order":0,"comment_status":"closed","ping_status":"closed","template":"page-templates\/full-width-page.php","meta":[],"_links":{"self":[{"href":"https:\/\/irpolsoft.es\/index.php?rest_route=\/wp\/v2\/pages\/1096"}],"collection":[{"href":"https:\/\/irpolsoft.es\/index.php?rest_route=\/wp\/v2\/pages"}],"about":[{"href":"https:\/\/irpolsoft.es\/index.php?rest_route=\/wp\/v2\/types\/page"}],"author":[{"embeddable":true,"href":"https:\/\/irpolsoft.es\/index.php?rest_route=\/wp\/v2\/users\/1"}],"replies":[{"embeddable":true,"href":"https:\/\/irpolsoft.es\/index.php?rest_route=%2Fwp%2Fv2%2Fcomments&post=1096"}],"version-history":[{"count":2,"href":"https:\/\/irpolsoft.es\/index.php?rest_route=\/wp\/v2\/pages\/1096\/revisions"}],"predecessor-version":[{"id":1100,"href":"https:\/\/irpolsoft.es\/index.php?rest_route=\/wp\/v2\/pages\/1096\/revisions\/1100"}],"wp:attachment":[{"href":"https:\/\/irpolsoft.es\/index.php?rest_route=%2Fwp%2Fv2%2Fmedia&parent=1096"}],"curies":[{"name":"wp","href":"https:\/\/api.w.org\/{rel}","templated":true}]}}